{"id":1032,"date":"2017-07-21T09:17:30","date_gmt":"2017-07-21T09:17:30","guid":{"rendered":"http:\/\/test.steinzeit-ucki.de\/?page_id=472"},"modified":"2017-07-21T09:17:30","modified_gmt":"2017-07-21T09:17:30","slug":"the-taufengel-2","status":"publish","type":"page","link":"https:\/\/www.gross-fredenwalde.de\/?page_id=1032&lang=pl","title":{"rendered":"Taufengel"},"content":{"rendered":"<p class=\"tiny_p\">Podobnie jak w wielu ko\u015bcio\u0142ach Uckermark i Brandenburgii, Taufengel by\u0142 integraln\u0105 cz\u0119\u015bci\u0105 Brocken Ko\u015bcio\u0142a. Przypuszczalnie zosta\u0142 stworzony w tym samym czasie, co o\u0142tarz, stalle i organy w 1708. Najprawdopodobniej by\u0142 zabarwiony jak wielu jego koleg\u00f3w. Po wiekach s\u0142u\u017cby z gospodarstwa naczynia chrztu podczas uroczysto\u015bci chrztu, by\u0142 niejuiced z jego fortyfikacji po wojnie i wrzucony do krzew\u00f3w przed ko\u015bcio\u0142em. Prawdopodobnie by\u0142 w otwartej przez lata i by\u0142 nara\u017cony na wiatr i pogod\u0119. Zabieg ten by\u0142 dla niego bardzo dobry. Straci\u0142 cz\u0119\u015b\u0107 skrzyde\u0142 i praw\u0105 r\u0119k\u0119.\u00a0 Ponadto Kad\u0142ub rozpad\u0142 si\u0119 na trzy cz\u0119\u015bci. W latach sze\u015b\u0107dziesi\u0105tych XX wieku. W 1800 wst\u0105pi\u0142 do Muzeum \u015bwi\u0105tyni.<\/p>\n<table style=\"height: 39px;\" border=\"0\" width=\"579\">\n<tbody>\n<tr>\n<td><\/td>\n<td><\/td>\n<\/tr>\n<\/tbody>\n<\/table>\n<table border=\"0\">\n<tbody>\n<tr>\n<td><img decoding=\"async\" loading=\"lazy\" class=\"\" title=\"Angel przywr\u00f3cone. Jpg\" src=\"http:\/\/fotos.verwaltungsportal.de\/seitengenerator\/engel_restauriert.jpg\" alt=\"Angel przywr\u00f3cone. Jpg\" width=\"307\" height=\"230\" \/><\/td>\n<td>\n<p class=\"tiny_p\">Na pocz\u0105tku marca 2011, Anio\u0142 by\u0142 w stanie zaj\u0105\u0107 jego miejsce w ko\u015bciele z now\u0105 r\u0119k\u0105 i misk\u0119 do chrztu.<\/p>\n<p class=\"tiny_p\">\n<\/td>\n<\/tr>\n<\/tbody>\n<\/table>\n<table border=\"0\">\n<tbody>\n<tr>\n<td><\/td>\n<\/tr>\n<\/tbody>\n<\/table>\n","protected":false},"excerpt":{"rendered":"<p>Podobnie jak w wielu ko\u015bcio\u0142ach Uckermark i Brandenburgii, Taufengel by\u0142 integraln\u0105 cz\u0119\u015bci\u0105 Brocken Ko\u015bcio\u0142a. Przypuszczalnie zosta\u0142 stworzony w tym samym czasie, co o\u0142tarz, stalle i organy w 1708. Najprawdopodobniej by\u0142 zabarwiony jak wielu jego koleg\u00f3w. Po wiekach s\u0142u\u017cby z gospodarstwa naczynia chrztu podczas uroczysto\u015bci chrztu, by\u0142 niejuiced z jego fortyfikacji po wojnie i wrzucony do &hellip; <\/p>\n<p class=\"link-more\"><a href=\"https:\/\/www.gross-fredenwalde.de\/?page_id=1032&#038;lang=pl\" class=\"more-link\"><span class=\"screen-reader-text\">\u201eTaufengel\u201c<\/span> weiterlesen<\/a><\/p>\n","protected":false},"author":1,"featured_media":0,"parent":0,"menu_order":0,"comment_status":"closed","ping_status":"closed","template":"","meta":{"_mi_skip_tracking":false,"ngg_post_thumbnail":0},"acf":[],"aioseo_notices":[],"_links":{"self":[{"href":"https:\/\/www.gross-fredenwalde.de\/index.php?rest_route=\/wp\/v2\/pages\/1032"}],"collection":[{"href":"https:\/\/www.gross-fredenwalde.de\/index.php?rest_route=\/wp\/v2\/pages"}],"about":[{"href":"https:\/\/www.gross-fredenwalde.de\/index.php?rest_route=\/wp\/v2\/types\/page"}],"author":[{"embeddable":true,"href":"https:\/\/www.gross-fredenwalde.de\/index.php?rest_route=\/wp\/v2\/users\/1"}],"replies":[{"embeddable":true,"href":"https:\/\/www.gross-fredenwalde.de\/index.php?rest_route=%2Fwp%2Fv2%2Fcomments&post=1032"}],"version-history":[{"count":0,"href":"https:\/\/www.gross-fredenwalde.de\/index.php?rest_route=\/wp\/v2\/pages\/1032\/revisions"}],"wp:attachment":[{"href":"https:\/\/www.gross-fredenwalde.de\/index.php?rest_route=%2Fwp%2Fv2%2Fmedia&parent=1032"}],"curies":[{"name":"wp","href":"https:\/\/api.w.org\/{rel}","templated":true}]}}