{"id":1070,"date":"2017-07-20T22:57:05","date_gmt":"2017-07-20T22:57:05","guid":{"rendered":"http:\/\/test.steinzeit-ucki.de\/?page_id=453"},"modified":"2017-07-20T22:57:05","modified_gmt":"2017-07-20T22:57:05","slug":"plac-zabaw-dla-dzieci-boisko-sportowe","status":"publish","type":"page","link":"https:\/\/www.gross-fredenwalde.de\/?page_id=1070&lang=pl","title":{"rendered":"Gra i boisko sportowe"},"content":{"rendered":"<table style=\"height: 204px;\" width=\"887\" border=\"0\">\n<tbody>\n<tr>\n<td>\n<p class=\"tiny_p\">Hu\u015btawki, zje\u017cd\u017calnia, Wipptiere, Balanzierbalken, piasek + gra\u0107 w klatce piersiowej czekaj\u0105 na dzieci. Plac jest idyllicznie po\u0142o\u017cony pod ko\u015bcio\u0142em. W \u015brodku stoi rze\u017aba drewna przez Dietmar Lange i jest zadowolony z ka\u017cdego odwiedzaj\u0105cego.<\/p>\n<\/td>\n<td>\u00a0<img decoding=\"async\" loading=\"lazy\" title=\"Village Square, plac zabaw. Jpg\" src=\"http:\/\/fotos.verwaltungsportal.de\/seitengenerator\/dorfplatz_spielplatz.jpg\" alt=\"Village Square, plac zabaw. Jpg\" width=\"236\" height=\"177\"><\/td>\n<\/tr>\n<\/tbody>\n<\/table>\n","protected":false},"excerpt":{"rendered":"<p>Hu\u015btawki, zje\u017cd\u017calnia, Wipptiere, Balanzierbalken, piasek + gra\u0107 w klatce piersiowej czekaj\u0105 na dzieci. Plac jest idyllicznie po\u0142o\u017cony pod ko\u015bcio\u0142em. W \u015brodku stoi rze\u017aba drewna przez Dietmar Lange i jest zadowolony z ka\u017cdego odwiedzaj\u0105cego. \u00a0<\/p>\n","protected":false},"author":1,"featured_media":0,"parent":0,"menu_order":0,"comment_status":"closed","ping_status":"closed","template":"","meta":{"_mi_skip_tracking":false,"ngg_post_thumbnail":0},"acf":[],"aioseo_notices":[],"_links":{"self":[{"href":"https:\/\/www.gross-fredenwalde.de\/index.php?rest_route=\/wp\/v2\/pages\/1070"}],"collection":[{"href":"https:\/\/www.gross-fredenwalde.de\/index.php?rest_route=\/wp\/v2\/pages"}],"about":[{"href":"https:\/\/www.gross-fredenwalde.de\/index.php?rest_route=\/wp\/v2\/types\/page"}],"author":[{"embeddable":true,"href":"https:\/\/www.gross-fredenwalde.de\/index.php?rest_route=\/wp\/v2\/users\/1"}],"replies":[{"embeddable":true,"href":"https:\/\/www.gross-fredenwalde.de\/index.php?rest_route=%2Fwp%2Fv2%2Fcomments&post=1070"}],"version-history":[{"count":0,"href":"https:\/\/www.gross-fredenwalde.de\/index.php?rest_route=\/wp\/v2\/pages\/1070\/revisions"}],"wp:attachment":[{"href":"https:\/\/www.gross-fredenwalde.de\/index.php?rest_route=%2Fwp%2Fv2%2Fmedia&parent=1070"}],"curies":[{"name":"wp","href":"https:\/\/api.w.org\/{rel}","templated":true}]}}