{"id":1084,"date":"2017-07-20T22:44:12","date_gmt":"2017-07-20T22:44:12","guid":{"rendered":"http:\/\/test.steinzeit-ucki.de\/?page_id=437"},"modified":"2017-07-20T22:44:12","modified_gmt":"2017-07-20T22:44:12","slug":"vineyard-wallberg-2","status":"publish","type":"page","link":"https:\/\/www.gross-fredenwalde.de\/?page_id=1084&lang=pl","title":{"rendered":"Weinberg &amp; Wallberg"},"content":{"rendered":"<p class=\"tiny_p\">Na winnicy znajduje si\u0119 jedna z najwy\u017cszych elewacji Uckermark o wysoko\u015bci 111 m n.p.m. Nn. Gdy pogoda jest mi\u0142a, jest niepowtarzalny widok na Gerswalde do Prenzlau.<\/p>\n<p class=\"tiny_p\"><img decoding=\"async\" loading=\"lazy\" title=\"Widok z winnicy na nr\" src=\"http:\/\/fotos.verwaltungsportal.de\/seitengenerator\/a07454d4cfe027b1e27469670f8f67aa_038.jpg\" alt=\"Widok z winnicy na nr\" width=\"194\" height=\"145\"><\/p>\n<p class=\"tiny_p\">&quot;Winnica&quot; prawdopodobnie nosi swoj\u0105 nazw\u0119 od dawnego uprawy winoro\u015bli, kt\u00f3ra ju\u017c rozprzestrzeni\u0142a si\u0119 tutaj w \u015bredniowieczu. Ostatnie winoro\u015bli zosta\u0142y zniszczone 1739 przez silne mrozy. W 1962, podczas budowy geograficznego punktu pomiarowego, mi<a href=\"http:\/\/www.gross-fredenwalde.de\/?page_id=175\">ejsce poch\u00f3wku od po\u0142owy epoki kamienia<\/a> (ok. 7000 BC) Znalezione.<\/p>\n<h1>Wallberg<\/h1>\n<p class=\"tiny_p\">Wallberg by\u0142 pierwotnym s\u0142owia\u0144skich, a nast\u0119pnie \u015bredniowieczny zamek Complex, kt\u00f3ry zosta\u0142 opuszczony w p\u00f3\u017anym \u015bredniowieczu. Dzi\u015b, z wyj\u0105tkiem lasu, zaopatrzonego w sztuczn\u0105 elewacj\u0119 za Ko\u015bcio\u0142em, nic z niego nie wida\u0107. W 2011 Wallberg z powiatu Uckermark otrzyma\u0142 tablic\u0119 pomnika.<\/p>\n<p class=\"tiny_p\">\u00a0<img decoding=\"async\" loading=\"lazy\" class=\"alignleft\" title=\"Tablica pami\u0105tkowa Wallberg\" src=\"http:\/\/fotos.verwaltungsportal.de\/seitengenerator\/8f3de13543892cb64ae87075a88e8967_dscn24582.jpg\" alt=\"Tablica pami\u0105tkowa Wallberg\" width=\"131\" height=\"175\"><\/p>\n<p class=\"tiny_p\">W 8 Jahundert w okresie wczesnego s\u0142owia\u0144skich fortyfikacja zosta\u0142a zbudowana na obszarze 150&#215;75 m. Uzasadnione. Jest uwa\u017cana za jedn\u0105 z wielkich s\u0142owia\u0144skich Burgw\u00e4lle Uckermark. Zalicza si\u0119 go tak\u017ce do s\u0142owia\u0144skich &quot;zamk\u00f3w ludowych&quot;. W tym czasie nie by\u0142o prawdopodobnie droga wodna z Gro\u00df Fredenwalde do Morza Ba\u0142tyckiego. Tak wi\u0119c, Wallberg Gro\u00df Fredenwalde mo\u017cna uwa\u017ca\u0107 za najbardziej wysuni\u0119ty na po\u0142udnie znany zamek s\u0142owia\u0144skich w powi\u0119kszonym niemieckim regionie Morza Ba\u0142tyckiego. W 10 W 1800 roku zosta\u0142 opuszczony z niewiadomych powod\u00f3w.<\/p>\n<p class=\"tiny_p\">W XII i 13. W trakcie Ostkolonisation wieku opuszczony Burgwall zosta\u0142 zbudowany z kamiennego zamku. W 14 W 1800 roku, to prawdopodobnie opuszczony po po\u017carze.<\/p>\n<p class=\"tiny_p\"><img decoding=\"async\" loading=\"lazy\" title=\"Cz\u0119\u015bci \u015bciany g\u00f3rskiej\" src=\"http:\/\/fotos.verwaltungsportal.de\/seitengenerator\/dscn1110.jpg\" alt=\"Cz\u0119\u015bci \u015bciany g\u00f3rskiej\" width=\"288\" height=\"216\"><\/p>\n","protected":false},"excerpt":{"rendered":"<p>Na winnicy znajduje si\u0119 jedna z najwy\u017cszych elewacji Uckermark o wysoko\u015bci 111 m n.p.m. Nn. Gdy pogoda jest mi\u0142a, jest niepowtarzalny widok na Gerswalde do Prenzlau. &quot;Winnica&quot; prawdopodobnie nosi swoj\u0105 nazw\u0119 od dawnego uprawy winoro\u015bli, kt\u00f3ra ju\u017c rozprzestrzeni\u0142a si\u0119 tutaj w \u015bredniowieczu. Ostatnie winoro\u015bli zosta\u0142y zniszczone 1739 przez silne mrozy. W 1962, podczas budowy geograficznego &hellip; <\/p>\n<p class=\"link-more\"><a href=\"https:\/\/www.gross-fredenwalde.de\/?page_id=1084&#038;lang=pl\" class=\"more-link\"><span class=\"screen-reader-text\">\u201eWeinberg &amp; Wallberg\u201c<\/span> weiterlesen<\/a><\/p>\n","protected":false},"author":1,"featured_media":0,"parent":0,"menu_order":0,"comment_status":"closed","ping_status":"closed","template":"","meta":{"_mi_skip_tracking":false,"ngg_post_thumbnail":0},"acf":[],"aioseo_notices":[],"_links":{"self":[{"href":"https:\/\/www.gross-fredenwalde.de\/index.php?rest_route=\/wp\/v2\/pages\/1084"}],"collection":[{"href":"https:\/\/www.gross-fredenwalde.de\/index.php?rest_route=\/wp\/v2\/pages"}],"about":[{"href":"https:\/\/www.gross-fredenwalde.de\/index.php?rest_route=\/wp\/v2\/types\/page"}],"author":[{"embeddable":true,"href":"https:\/\/www.gross-fredenwalde.de\/index.php?rest_route=\/wp\/v2\/users\/1"}],"replies":[{"embeddable":true,"href":"https:\/\/www.gross-fredenwalde.de\/index.php?rest_route=%2Fwp%2Fv2%2Fcomments&post=1084"}],"version-history":[{"count":0,"href":"https:\/\/www.gross-fredenwalde.de\/index.php?rest_route=\/wp\/v2\/pages\/1084\/revisions"}],"wp:attachment":[{"href":"https:\/\/www.gross-fredenwalde.de\/index.php?rest_route=%2Fwp%2Fv2%2Fmedia&parent=1084"}],"curies":[{"name":"wp","href":"https:\/\/api.w.org\/{rel}","templated":true}]}}