{"id":149,"date":"2017-07-12T14:14:14","date_gmt":"2017-07-12T14:14:14","guid":{"rendered":"http:\/\/test.steinzeit-ucki.de\/?page_id=149"},"modified":"2017-09-01T19:27:16","modified_gmt":"2017-09-01T19:27:16","slug":"anfahrt","status":"publish","type":"page","link":"https:\/\/www.gross-fredenwalde.de\/?page_id=149","title":{"rendered":"Anfahrt &#038; Kontakt"},"content":{"rendered":"<div class=\"quickMapsInfoWindowWrapper\">Ort Gro\u00df Fredenwalde<br \/>\n17268 Gerswalde<\/div>\n<p class=\"tiny_p\">Telefon: 039887-697730<br \/>\nFax: 039887-697731<\/p>\n<p class=\"tiny_p\">Mit der Bahn vom Bahnhof Berlin-Lichtenberg bis Wilmersdorf (Warnitz) \u00fcber Angerm\u00fcnde (Uckermark), weiter mit dem Bustransfer oder per Rad.<\/p>\n<p class=\"tiny_p\"><a href=\"http:\/\/fahrinfo.vbb.de\/bin\/query.exe\/dn?SID=&amp;ZID=A=1@O=Gro%C3%9F%20Fredenwalde@X=13797318@Y=53129619@U=86@L=009340335@B=1@V=3.9,@p=1371816339@&amp;timesel=depart&amp;externalCall=yes&amp;start=yes\" target=\"_blank\" rel=\"noopener\"><img decoding=\"async\" src=\"http:\/\/fahrinfo.vbb.de\/hafas-res\/img\/button_5.gif\" alt=\"VBB fahrinfo - Link (mit Vorbelegung)\"><\/a><br \/>\nMit dem Auto \u00fcber die Autobahn A11, Abfahrt Pfingstberg \u00fcber Stegelitzoder die B109 Abfahrt Milmersdorf in Richtung G\u00f6tschendorf, Temmen, Willmine nach Gro\u00df Fredenwalde.<\/p>\n<p class=\"tiny_p\"><img decoding=\"async\" title=\"anfahrt.gif\" src=\"http:\/\/fotos.verwaltungsportal.de\/seitengenerator\/321e8ddeb0c8e370d66a72ad3615137e_anfahrt.gif\" alt=\"anfahrt.gif\"><\/p>\n<h6 class=\"tiny_p\"><a href=\"https:\/\/maps.google.de\/maps?q=53.128904,13.794694&amp;hl=de&amp;ll=53.128904,13.794708&amp;spn=0.03641,0.128489&amp;num=1&amp;gl=de&amp;t=m&amp;z=14\" target=\"_blank\" rel=\"noopener\">Anfahrt mit Google Maps <\/a><\/h6>\n","protected":false},"excerpt":{"rendered":"<p>Ort Gro\u00df Fredenwalde 17268 Gerswalde Telefon: 039887-697730 Fax: 039887-697731 Mit der Bahn vom Bahnhof Berlin-Lichtenberg bis Wilmersdorf (Warnitz) \u00fcber Angerm\u00fcnde (Uckermark), weiter mit dem Bustransfer oder per Rad. Mit dem Auto \u00fcber die Autobahn A11, Abfahrt Pfingstberg \u00fcber Stegelitzoder die B109 Abfahrt Milmersdorf in Richtung G\u00f6tschendorf, Temmen, Willmine nach Gro\u00df Fredenwalde. Anfahrt mit Google Maps<\/p>\n","protected":false},"author":1,"featured_media":0,"parent":0,"menu_order":0,"comment_status":"closed","ping_status":"closed","template":"","meta":{"_mi_skip_tracking":false,"ngg_post_thumbnail":0},"acf":[],"aioseo_notices":[],"_links":{"self":[{"href":"https:\/\/www.gross-fredenwalde.de\/index.php?rest_route=\/wp\/v2\/pages\/149"}],"collection":[{"href":"https:\/\/www.gross-fredenwalde.de\/index.php?rest_route=\/wp\/v2\/pages"}],"about":[{"href":"https:\/\/www.gross-fredenwalde.de\/index.php?rest_route=\/wp\/v2\/types\/page"}],"author":[{"embeddable":true,"href":"https:\/\/www.gross-fredenwalde.de\/index.php?rest_route=\/wp\/v2\/users\/1"}],"replies":[{"embeddable":true,"href":"https:\/\/www.gross-fredenwalde.de\/index.php?rest_route=%2Fwp%2Fv2%2Fcomments&post=149"}],"version-history":[{"count":6,"href":"https:\/\/www.gross-fredenwalde.de\/index.php?rest_route=\/wp\/v2\/pages\/149\/revisions"}],"predecessor-version":[{"id":728,"href":"https:\/\/www.gross-fredenwalde.de\/index.php?rest_route=\/wp\/v2\/pages\/149\/revisions\/728"}],"wp:attachment":[{"href":"https:\/\/www.gross-fredenwalde.de\/index.php?rest_route=%2Fwp%2Fv2%2Fmedia&parent=149"}],"curies":[{"name":"wp","href":"https:\/\/api.w.org\/{rel}","templated":true}]}}