{"id":159,"date":"2017-07-12T14:20:00","date_gmt":"2017-07-12T14:20:00","guid":{"rendered":"http:\/\/test.steinzeit-ucki.de\/?page_id=159"},"modified":"2019-09-02T07:34:34","modified_gmt":"2019-09-02T07:34:34","slug":"impressum","status":"publish","type":"page","link":"https:\/\/www.gross-fredenwalde.de\/?page_id=159","title":{"rendered":"Impressum"},"content":{"rendered":"<div id=\"fix1\">\n<div id=\"fix2\">\n<div id=\"main_float\">\n<div id=\"middle\">\n<div id=\"content\">\n<table style=\"height: 5px;\" width=\"459\" cellspacing=\"0\" cellpadding=\"0\" border=\"0\">\n<tbody>\n<tr>\n<td width=\"30%\" valign=\"top\">&nbsp;<\/td>\n<\/tr>\n<\/tbody>\n<\/table>\n<div>\n<p>D. &amp; U. Fugger<\/p>\n<\/div>\n<div>Marktplatz 4<\/div>\n<div>87757 Kirchheim in Schwaben<\/div>\n<div>&nbsp;<\/div>\n<div>oder:<\/div>\n<div>&nbsp;<\/div>\n<div>Ort Gro\u00df Fredenwalde 32a<\/div>\n<div>17268 Gerswalde<\/div>\n<div>Kontakt: Telefon: 039887\/697730<\/div>\n<div>Fax: 039887\/697731<\/div>\n<div>\n<p>E-Mail: willkommen@gross-fredenwalde.de<\/p>\n<p>Verantwortlich f\u00fcr den Inhalt nach \u00a7 55 Abs. 2 RStV:<\/p>\n<p>D. Fugger<\/p>\n<\/div>\n<div>Ort Gro\u00df Fredenwalde 32a<\/div>\n<div>17268 Gerswalde<\/div>\n<div>Tel: 039887\/6967730<\/div>\n<div>\n<p>&nbsp;<\/p>\n<p><strong>Haftungsausschluss (Disclaimer)<\/strong><\/p>\n<p>Haftung f\u00fcr Inhalte als Dienstanbieter sind wir gem\u00e4\u00df \u00a7 7 Abs.1 TMG f\u00fcr eigene Inhalte auf diesen Seiten nach den allgemeinen Gesetzen verantwortlich. Nach \u00a7\u00a7 8 bis 10 TMG sind wir als Dienstanbieter jedoch nicht verpflichtet, \u00fcbermittelte oder gespeicherte fremde Informationen zu \u00fcberwachen oder nach Umst\u00e4nden zu forschen, die auf eine rechtswidrige T\u00e4tigkeit hinweisen. Verpflichtungen zur Entfernung oder Sperrung der Nutzung von Informationen nach den allgemeinen Gesetzen bleiben hiervon unber\u00fchrt. Eine diesbez\u00fcgliche Haftung ist jedoch erst ab dem Zeitpunkt der Kenntnis einer konkreten Rechtsverletzung m\u00f6glich. Bei Bekanntwerden von entsprechenden Rechtsverletzungen werden wir diese Inhalte umgehend entfernen.<\/p>\n<p><strong>Haftung f\u00fcr Links<\/strong><\/p>\n<p>Unser Angebot enth\u00e4lt Links zu externen Webseiten Dritter, auf deren Inhalte wir keinen Einfluss haben. Deshalb k\u00f6nnen wir f\u00fcr diese fremden Inhalte auch keine Gew\u00e4hr \u00fcbernehmen. F\u00fcr die Inhalte der verlinkten Seiten ist stets der jeweilige Anbieter oder Betreiber der Seiten verantwortlich. Die verlinkten Seiten wurden zum Zeitpunkt der Verlinkung auf m\u00f6gliche Rechtsverst\u00f6\u00dfe \u00fcberpr\u00fcft. Rechtswidrige Inhalte waren zum Zeitpunkt der Verlinkung nicht erkennbar. Eine permanente inhaltliche Kontrolle der verlinkten Seiten ist jedoch ohne konkrete Anhaltspunkte einer Rechtsverletzung nicht zumutbar. Bei Bekanntwerden von Rechtsverletzungen werden wir derartige Links umgehend entfernen.<\/p>\n<p><strong>Urheberrecht<\/strong><\/p>\n<p>Die durch die Seitenbetreiber erstellten Inhalte und Werke auf diesen Seiten unterliegen dem deutschen Urheberrecht. Die Vervielf\u00e4ltigung, Bearbeitung, Verbreitung und jede Art der Verwertung au\u00dferhalb der Grenzen des Urheberrechtes bed\u00fcrfen der schriftlichen Zustimmung des jeweiligen Autors bzw. Erstellers. Downloads und Kopien dieser Seite sind nur f\u00fcr den privaten, nicht kommerziellen Gebrauch gestattet. Soweit die Inhalte auf dieser Seite nicht vom Betreiber erstellt wurden, werden die Urheberrechte Dritter beachtet. Insbesondere werden Inhalte Dritter als solche gekennzeichnet. Sollten Sie trotzdem auf eine Urheberrechtsverletzung aufmerksam werden, bitten wir um einen entsprechenden Hinweis. Bei Bekanntwerden von Rechtsverletzungen werden wir derartige Inhalte umgehend entfernen.<\/p>\n<\/div>\n<\/div>\n<h2>Datenschutzerkl\u00e4rung gem. EU-DSGVO<\/h2>\n<h2>Inhalts\u00fcbersicht<\/h2>\n<ol>\n<li>\u00dcberblick<br \/>\n2. Name und Kontaktdaten des f\u00fcr die Verarbeitung Verantwortlichen sowie des betrieblichen Datenschutzbeauftragten<br \/>\n3. Zwecke der Datenverarbeitung, Rechtsgrundlagen und berechtigte Interessen gegen\u00fcber einem Dritten sowie Kategorien von Empf\u00e4ngern<br \/>\n3.1. Aufrufen unserer Internetseiten<br \/>\n3.2. Abschluss, Durchf\u00fchrung oder Beendigung eines Vertrages<br \/>\n3.3. Datenverarbeitung zu Werbezwecken<br \/>\n3.4. Onlineauftritt und Webseiten-Optimierung<br \/>\n3.5. Sonstige Dienste<br \/>\n4. \u00dcbermittlung an Empf\u00e4nger au\u00dferhalb der EU<br \/>\n5. Ihre Rechte<br \/>\n6. Datensicherheitsma\u00dfnahmen<\/li>\n<\/ol>\n<h2>1. \u00dcberblick<\/h2>\n<p>Die folgenden Datenschutzhinweise informieren Sie \u00fcber Art und Umfang der Verarbeitung sogenannter <strong>personenbezogener Daten<\/strong>. Personenbezogene Daten sind Informationen, die Ihrer Person direkt oder mittelbar zuzuordnen sind bzw. zugeordnet werden k\u00f6nnen.<\/p>\n<p>Die Datenverarbeitung kann <strong>im Wesentlichen in zwei Kategorien<\/strong> unterteilt werden:<\/p>\n<ul>\n<li>Mit <strong>Aufruf der Internetseite<\/strong> <a href=\"http:\/\/www.gross-fredenwalde.de\/\">www.gross-fredenwalde.de<\/a> werden verschiedene Informationen zwischen Ihrem Endger\u00e4t und unserem Server ausgetauscht. Hierbei kann es sich auch um personenbezogene Daten handeln. Die so erhobenen Informationen werden u.a. dazu genutzt, unsere Website zu optimieren oder um <strong>Informationen<\/strong> im Browser Ihres Endger\u00e4tes anzuzeigen.<\/li>\n<li>Rein zum Zwecke einer Vertragsabwicklung werden alle f\u00fcr die <strong>Durchf\u00fchrung eines Vertrages<\/strong> erforderlichen Daten verarbeitet.<\/li>\n<\/ul>\n<p>&nbsp;<\/p>\n<p>Den Vorgaben der DSGVO entsprechend haben Sie <strong>unterschiedliche Rechte<\/strong>, die Sie uns gegen\u00fcber geltend machen k\u00f6nnen. Hierzu z\u00e4hlt u.a. das Recht, <strong>Widerspruch<\/strong> gegen ausgew\u00e4hlte Datenverarbeitungen, insbesondere Datenverarbeitungen zu Werbezwecken, einlegen zu k\u00f6nnen. Die M\u00f6glichkeit zum Widerspruch ist drucktechnisch hervorgehoben.<\/p>\n<p>&nbsp;<\/p>\n<h2>2. Name und Kontaktdaten des f\u00fcr die Verarbeitung Verantwortlichen sowie des Datenschutzbeauftragten<\/h2>\n<p>Diese Datenschutz-Information gilt f\u00fcr die Datenverarbeitung von<\/p>\n<p>U &amp; D Fugger<br \/>\nOrt Gro\u00df Fredenwalde 32a<\/p>\n<p>17268 Gerswalde<\/p>\n<p>&nbsp;(\u201eVerantwortlicher\u201c genannt), und f\u00fcr folgende Webseiten:<\/p>\n<ul>\n<li>https:\/\/www.gross-fredenwalde.de\/<\/li>\n<\/ul>\n<p>&nbsp;<\/p>\n<p>Der Datenschutzbeauftragte ist unter der o.g. Anschrift, zu Hd. Abteilung Datenschutz, bzw. unter&nbsp; <a href=\"mailto:willkomme@gross-fredenwalde.de\">willkomme@gross-fredenwalde.de<\/a>&nbsp; erreichbar.<\/p>\n<h2>3. Zwecke der Datenverarbeitung, Rechtsgrundlagen und berechtigte Interessen gegen\u00fcber einem Dritten sowie Kategorien von Empf\u00e4ngern<\/h2>\n<h3>3.1. Aufrufen unserer Internetseiten<\/h3>\n<p>Beim Aufrufen unserer Internetseiten werden durch den auf Ihrem Endger\u00e4t zum Einsatz kommenden Browser automatisch Informationen an den Server unserer Website gesendet und tempor\u00e4r in einem sogenannten Log-File gespeichert. Hierauf haben wir keinen Einfluss. Folgende Informationen werden dabei auch ohne Ihr Zutun erfasst und bis zur automatisierten L\u00f6schung gespeichert:<\/p>\n<ul>\n<li>die IP-Adresse des anfragenden internetf\u00e4higen Ger\u00e4tes<\/li>\n<li>das Datum und die Uhrzeit des Zugriffs<\/li>\n<li>der Name und die URL der abgerufenen Datei<\/li>\n<li>die Website, von der aus der Zugriff erfolgte (Referrer-URL)<\/li>\n<li>der von Ihnen verwendete Browser und ggfs. das Betriebssystem Ihres internetf\u00e4higen Rechners sowie der Name Ihres Access-Providers<\/li>\n<\/ul>\n<p>Die Rechtsgrundlage f\u00fcr die <strong>Verarbeitung der IP-Adresse<\/strong> ist Artikel 6 Absatz 1 Buchstabe f) DSGVO. Unser berechtigtes Interesse folgt aus den nachfolgend aufgelisteten Zwecken der Datenerhebung. An dieser Stelle noch der Hinweis, dass uns aus den erhobenen Daten keine R\u00fcckschl\u00fcsse auf Ihre Identit\u00e4t m\u00f6glich sind und durch uns auch nicht gezogen werden.<\/p>\n<p>Die IP-Adresse Ihres Endger\u00e4tes sowie die weiteren oben aufgelisteten Daten werden durch uns f\u00fcr <strong>folgende Zwecke<\/strong> genutzt:<\/p>\n<ul>\n<li>Gew\u00e4hrleistung eines reibungslosen Verbindungsaufbaus<\/li>\n<li>Gew\u00e4hrleistung einer komfortablen Nutzung unserer Website<\/li>\n<li>Auswertung der Systemsicherheit und -stabilit\u00e4t sowie<br \/>\nweitere administrative Zwecke<\/li>\n<\/ul>\n<p>Die Daten werden von unserem Host-Provider <strong>anonymisiert<\/strong>, so dass keinerlei R\u00fcckschl\u00fcsse auf Ihre Person m\u00f6glich sind. Des Weiteren verwenden wir f\u00fcr unsere Internetseite sogenannte Cookies, Tracking-Tools sowie Social-Media-Plug-ins. Um welche Verfahren es sich dabei genau handelt und wie ihre Daten daf\u00fcr verwendet werden, wird nachfolgend unter Ziffer 3.4. genauer erl\u00e4utert.<\/p>\n<h3>3.2. Abschluss, Durchf\u00fchrung oder Beendigung eines Vertrages<\/h3>\n<h4>3.2.1. Datenverarbeitung bei Vertragsabschluss<\/h4>\n<p>T\u00e4tigkeitsgegenstand ist die Verbreitung von Informationen zum Thema Uckermark, Gro\u00df Fredenwalde und Steinzeit sowie die Qualifizierung und Vermarktung von land- und naturtouristischen Angeboten. In diesem Zusammenhang verarbeiten wir die f\u00fcr den <strong>Abschluss, die Durchf\u00fchrung oder die Beendigung eines Vertrages<\/strong> erforderlichen Daten. Hierzu z\u00e4hlen:<\/p>\n<ul>\n<li>Vorname, Nachname<\/li>\n<li>Rechnungs- und Lieferanschrift<\/li>\n<li>E-Mail-Adresse<\/li>\n<li>Rechnungs- und Bezahldaten<\/li>\n<li>Geburtsdatum<\/li>\n<li>Telefonnummer<\/li>\n<\/ul>\n<p>Rechtsgrundlage hierf\u00fcr ist Artikel 6 Absatz 1 Buchstabe b) DSGVO. Soweit wir Ihre Kontaktdaten nicht f\u00fcr werbliche Zwecke nutzen (siehe unten 3.3.) speichern wir die f\u00fcr die Vertragsabwicklung erhobenen Daten bis zum Ablauf der gesetzlichen bzw. m\u00f6glicher vertraglicher Gew\u00e4hrleistungs- und Garantierechte. Nach Ablauf dieser Frist bewahren wir die nach Handels- und Steuerrecht erforderlichen Informationen des Vertragsverh\u00e4ltnisses f\u00fcr die gesetzlich bestimmten Zeitr\u00e4ume auf. F\u00fcr diesen Zeitraum (regelm\u00e4\u00dfig zehn Jahre ab Vertragsschluss) werden die Daten allein f\u00fcr den Fall einer \u00dcberpr\u00fcfung durch die Finanzverwaltung erneut verarbeitet.<\/p>\n<h4>3.2.2.&nbsp;&nbsp;&nbsp;&nbsp; Datennutzung bei Registrierung als Kunde<\/h4>\n<p>Bei der Erstellung eines Kunden-\/Nutzerkontos speichern wir Ihren Vornamen, Nachnamen, Firma\/Unternehmen, Ihre Adresse, Telefonnummer, E-Mail-Adresse und die unter Ihrem Interesse aufgegebenen Angebote und Gesuche.<\/p>\n<h3>3.3. Datenverarbeitung zu Werbezwecken<\/h3>\n<h4>3.3.1. Werbezwecke<\/h4>\n<p>Soweit Sie mit uns einen Vertrag abgeschlossen haben, f\u00fchren wir Sie als Bestandskunden. In diesem Fall verarbeiten wir Ihre <strong>postalischen Kontaktdaten<\/strong> au\u00dferhalb des Vorliegens einer konkreten Einwilligung, um Ihnen auf diesem Wege Informationen \u00fcber neue Produkte und Dienstleistungen zukommen zu lassen.<\/p>\n<h4>3.3.2. Interessengerechte Werbung<\/h4>\n<p>Damit Sie nur solche Informationen erhalten, die f\u00fcr Sie von vermeintlichem Interesse sind, kategorisieren und <strong>erg\u00e4nzen wir Ihr Kundenprofil<\/strong> um weitere Informationen. Verwendet werden hierf\u00fcr sowohl statistische Informationen als auch Informationen zu Ihrer Person (z.B. Basisdaten Ihres Kundenprofils). Ziel ist es, Ihnen allein an Ihren tats\u00e4chlichen oder vermeintlichen Bed\u00fcrfnissen orientierte Werbung zukommen zu lassen und Sie entsprechend nicht mit unn\u00fctzer Werbung zu bel\u00e4stigen.<\/p>\n<p>Rechtsgrundlage f\u00fcr die vorgenannten Verarbeitungen ist jeweils Artikel 6 Absatz 1 Buchstabe f) DSGVO. Die so erfolgende Verarbeitung von Bestandskundendaten zu eigenen Werbezwecken bzw. zu Werbezwecken Dritter ist als ein berechtigtes Interesse anzusehen.<\/p>\n<h4>3.3.3. Widerspruchsrecht<\/h4>\n<p><strong>Gegen die Datenverarbeitung zu vorgenannten Zwecken k\u00f6nnen Sie jederzeit, f\u00fcr den jeweiligen Kommunikationskanal gesondert und mit Wirkung f\u00fcr die Zukunft Widerspruch einlegen. Hierf\u00fcr gen\u00fcgt eine E-Mail oder ein postalisches Schreiben an die unter 1. genannten Kontaktdaten.<\/strong><\/p>\n<p>Soweit Sie Widerspruch einlegen wird die betroffene Kontaktadresse f\u00fcr die weitere werbliche Daten-verarbeitung gesperrt. Wir weisen darauf hin, dass es in Ausnahmef\u00e4llen auch noch nach Eingang Ihres Widerspruchs zu einem Versand von Werbematerial kommen kann. Dies ist technisch bedingt und bedeutet nicht, dass wir Ihren Widerspruch nicht umsetzen. Vielen Dank f\u00fcr Ihr Verst\u00e4ndnis.<\/p>\n<h4>3.3.4. Newsletterversand<\/h4>\n<p>Auf unseren Internetseiten bieten wir Ihnen die M\u00f6glichkeit, sich f\u00fcr den <strong>Newsletter<\/strong> anzumelden. Nachdem Sie Ihre Email-Adresse in das Anmeldefeld eingegeben haben, \u00fcbersenden wir Ihnen eine Best\u00e4tigung. Sie k\u00f6nnen Ihre erkl\u00e4rte Einwilligung jederzeit mit Wirkung f\u00fcr die Zukunft <strong>widerrufen<\/strong>. Hierf\u00fcr gen\u00fcgt ein kurzer Hinweis per Email an die unter 2. angegebene Emailadresse.<\/p>\n<h3>3.4. Onlineauftritt und Webseitenoptimierung<\/h3>\n<h4>3.4.1. Cookies \u2013 Allgemeine Hinweise<\/h4>\n<p>Wir setzen auf unseren Webseiten&nbsp; auf Grundlage des Artikel 6 Absatz 1 Buchstabe f DSGVO sogenannte Cookies ein. Unser Interesse, unsere Internetseiten zu optimieren, ist dabei als berechtigt im Sinne der vorgenannten Vorschrift anzusehen. Bei Cookies handelt es sich um kleine Dateien, die Ihr Browser automatisch erstellt und die auf Ihrem Endger\u00e4t (Laptop, Tablet, Smartphone o.\u00e4.) gespeichert werden, wenn Sie unsere Seite besuchen. Cookies richten auf Ihrem Endger\u00e4t keinen Schaden an, enthalten keine Viren, Trojaner oder sonstige Schadsoftware. In dem Cookie werden Informationen abgelegt, die sich jeweils im Zusammenhang mit dem spezifisch eingesetzten Endger\u00e4t ergeben. Dies bedeutet jedoch nicht, dass wir dadurch unmittelbar Kenntnis von Ihrer Identit\u00e4t erhalten. Der Einsatz von Cookies dient einerseits dazu, die Nutzung unseres Angebots f\u00fcr Sie angenehmer zu gestalten. So setzen wir sogenannte Session-Cookies ein, um zu erkennen, dass Sie einzelne Seiten unserer Website bereits besucht haben. Diese werden nach Verlassen unserer Seite automatisch gel\u00f6scht. Dar\u00fcber hinaus setzen wir ebenfalls zum Zweck der Benutzerfreundlichkeit <strong>tempor\u00e4re Cookies<\/strong> ein, die f\u00fcr einen bestimmten festgelegten Zeitraum auf Ihrem Endger\u00e4t gespeichert werden. Besuchen Sie unsere Seite erneut, um unsere Dienste in Anspruch zu nehmen, wird automatisch erkannt, dass Sie bereits bei uns waren und welche Eingaben und Einstellungen sie get\u00e4tigt haben, um diese nicht noch einmal eingeben zu m\u00fcssen.<\/p>\n<p>Zum anderen setzen wir Cookies ein, um die Nutzung unserer Website <strong>statistisch zu erfassen<\/strong> und zum Zwecke der Optimierung unseres Angebotes f\u00fcr Sie auszuwerten sowie um speziell auf Sie zugeschnittene Informationen einzublenden. Diese Cookies erm\u00f6glichen es uns, bei einem erneuten Besuch unserer Seite automatisch zu erkennen, dass Sie bereits bei uns waren. Diese Cookies werden nach einer jeweils definierten Zeit automatisch gel\u00f6scht. Die meisten Browser akzeptieren Cookies automatisch. Sie k\u00f6nnen Ihren Browser jedoch so konfigurieren, dass keine Cookies auf Ihrem Computer gespeichert werden oder stets ein Hinweis erscheint, bevor ein neues Cookie angelegt wird. Die vollst\u00e4ndige Deaktivierung von Cookies kann jedoch dazu f\u00fchren, dass Sie nicht alle Funktionen unserer Website nutzen k\u00f6nnen. Die Speicherdauer der Cookies ist abh\u00e4ngig von ihrem Verwendungszweck und nicht f\u00fcr alle gleich.<\/p>\n<h4>3.4.2. Google Analytics<\/h4>\n<p>Zum Zwecke der bedarfsgerechten Gestaltung und fortlaufenden Optimierung unserer Seiten nutzen wir auf Grundlage des Artikel 6 Absatz 1 Buchstabe f DSGVO Google Analytics, ein Webanalysedienst der Google Inc. (\u201eGoogle\u201c). In diesem Zusammenhang werden <strong>pseudonymisierte Nutzungsprofile<\/strong> erstellt und Cookies verwendet. Die durch das Cookie erzeugten Informationen \u00fcber Ihre Benutzung dieser Website wie:<\/p>\n<ul>\n<li>Browser-Typ\/-Version<\/li>\n<li>verwendetes Betriebssystem<\/li>\n<li>Referrer-URL (die zuvor besuchte Seite)<\/li>\n<li>Hostname des zugreifenden Rechners (IP-Adresse)<\/li>\n<li>Uhrzeit der Serveranfrage<\/li>\n<\/ul>\n<p>werden an einen Server von Google in den USA \u00fcbertragen und dort gespeichert. Die Informationen werden verwendet, um die Nutzung der Website auszuwerten, um Reports \u00fcber die Websiteaktivit\u00e4ten zusammenzustellen und um weitere mit der Websitenutzung und der Internetnutzung verbundene Dienstleistungen zu Zwecken der Marktforschung und bedarfsgerechten Gestaltung dieser Internetseiten zu erbringen. Auch werden diese Informationen gegebenenfalls an Dritte \u00fcbertragen, sofern dies gesetzlich vorgeschrieben ist oder soweit Dritte diese Daten im Auftrag verarbeiten. Es wird in keinem Fall Ihre IP-Adresse mit anderen Daten von Google zusammengef\u00fchrt. Die IP-Adressen werden anonymisiert, so dass eine <strong>Zuordnung nicht m\u00f6glich<\/strong> ist (sogenanntes IP-Masking).<\/p>\n<p>Sie k\u00f6nnen die Installation der Cookies durch eine entsprechende Einstellung der Browser-Software <strong>verhindern<\/strong>; wir weisen jedoch darauf hin, dass in diesem Fall gegebenenfalls nicht s\u00e4mtliche Funktionen dieser Website vollumf\u00e4nglich genutzt werden k\u00f6nnen. Sie k\u00f6nnen dar\u00fcber hinaus die Erfassung der durch das Cookie erzeugten und auf Ihre Nutzung der Website bezogenen Daten (inkl. Ihrer IP-Adresse) sowie die Verarbeitung dieser Daten durch Google verhindern, indem Sie <a href=\"https:\/\/tools.google.com\/dlpage\/gaoptout?hl=de\">dieses Browser-Addon<\/a> herunterladen und installieren. Alternativ zum Browser-Addon, insbesondere bei Browsern auf mobilen Endger\u00e4ten, k\u00f6nnen Sie die Erfassung durch Google Analytics zudem verhindern, indem Sie auf <a href=\"https:\/\/www.proagro.de\/datenschutz\/#trigger-ga-optout\">diesen Link<\/a> klicken. Es wird ein Opt-Out-Cookie gesetzt, das die zuk\u00fcnftige Erfassung Ihrer Daten beim Besuch dieser Website verhindert. Das Opt-Out-Cookie gilt nur in diesem Browser und nur f\u00fcr unsere Website und wird auf Ihrem Ger\u00e4t abgelegt. L\u00f6schen Sie die Cookies in diesem Browser, m\u00fcssen Sie das Opt-Out-Cookie erneut setzen. Weitere Informationen zum Datenschutz im Zusammenhang mit Google Analytics finden Sie auf der <a href=\"https:\/\/support.google.com\/analytics\/answer\/6004245?hl=de\">Webseite von Google Analytics<\/a>.<\/p>\n<h4>3.4.3. Widerspruchs-\/Opt-Out-M\u00f6glichkeit<\/h4>\n<p><strong>Die erl\u00e4uterten Analyse-Technologien k\u00f6nnen Sie durch eine entsprechende Cookie-Einstellung in Ihrem Browser unterbinden (vgl. auch 3.4.1).<\/strong><\/p>\n<h3>3.5. Sonstige Dienste<\/h3>\n<h4>3.5.1. Verwendung von Google Maps<\/h4>\n<p>Diese Website benutzt Google Maps zur Darstellung eines Lageplanes. Google Maps wird von Google Inc., 1600 Amphitheatre Parkway, Mountain View, CA 94043, USA betrieben. Durch die Nutzung dieser Website erkl\u00e4ren Sie sich mit der Erfassung, Bearbeitung sowie der Nutzung der automatisch erhobenen sowie der von Ihnen eingegeben Daten durch Google, einer seiner Vertreter, oder Drittanbieter einverstanden.<\/p>\n<p>Die <a href=\"http:\/\/www.google.com\/intl\/de_de\/help\/terms_maps.html\">Nutzungsbedingungen f\u00fcr Google Maps<\/a> finden Sie unter Nutzungsbedingungen f\u00fcr Google Maps. Ausf\u00fchrliche Details finden Sie im Datenschutz-Center von google.de: <a href=\"http:\/\/www.google.de\/intl\/de\/privacy\/\">Transparenz und Wahlm\u00f6glichkeiten<\/a> sowie <a href=\"http:\/\/www.google.de\/intl\/de\/privacy\/privacy-policy.html\">Datenschutzbestimmungen<\/a>.<\/p>\n<h2>4. Empf\u00e4nger au\u00dferhalb der EU<\/h2>\n<p>Mit Ausnahme der unter 3.4. dargestellten Verarbeitungen geben wir Ihre Daten nicht an Empf\u00e4nger mit Sitz au\u00dferhalb der Europ\u00e4ischen Union oder des Europ\u00e4ischen Wirtschaftsraumes weiter. Die unter 3.4. genannten Verarbeitungen bewirken eine Daten\u00fcbermittlung an die Server der durch uns beauftragten Anbieter von <strong>Trackingtechnologien<\/strong>. Diese Server befinden sich in den USA. Die Daten\u00fcbermittlung erfolgt nach den Grunds\u00e4tzen des sogenannten <strong>Privacy Shield<\/strong> sowie auf Grundlage sogenannter Standardvertragsklauseln der EU-Kommission. Eine Kopie dieser <strong>Standardvertragsklauseln<\/strong> k\u00f6nnen Sie von uns erhalten. Hierf\u00fcr senden Sie bitte einen Brief sowie ein frankiertes R\u00fcckkuvert an die unter Ziffer 2 angegebene Adresse.<\/p>\n<h2>5. Ihre Rechte<\/h2>\n<h3>5.1. \u00dcberblick<\/h3>\n<p>Neben dem Recht auf Widerruf Ihrer uns gegen\u00fcber erteilten Einwilligungen stehen Ihnen bei Vorliegen der jeweiligen gesetzlichen Voraussetzungen die folgenden weiteren Rechte zu:<\/p>\n<ul>\n<li>Recht auf Auskunft \u00fcber Ihre bei uns gespeicherten pers\u00f6nlichen Daten gem. Art. 15 DSGVO,<br \/>\n\u2022 Recht auf Berichtigung unrichtiger oder auf Vervollst\u00e4ndigung richtiger Daten gem. Art. 16 DSGVO,<br \/>\n\u2022 Recht auf L\u00f6schung Ihrer bei uns gespeicherten Daten gem. Art. 17 DSGVO,<br \/>\n\u2022 Recht auf Einschr\u00e4nkung der Verarbeitung Ihrer Daten gem. Art. 18 DSGVO,<br \/>\n\u2022 Recht auf Daten\u00fcbertragbarkeit gem. Art. 20 DSGVO.<\/li>\n<\/ul>\n<h3>5.2. Widerspruchsrecht<\/h3>\n<p><strong>Unter den Voraussetzungen des Art. 21 Abs. 1 DSGVO kann der Datenverarbeitung aus Gr\u00fcnden, die sich aus der besonderen Situation der betroffenen Person ergeben, widersprochen werden.<\/strong><\/p>\n<p>Das vorstehende <strong>allgemeine Widerspruchsrecht<\/strong> gilt f\u00fcr alle in dieser Datenschutz-Information beschriebenen Verarbeitungszwecke, die auf Grundlage von Artikel 6 Absatz 1 Buchstabe f) DSGVO verarbeitet werden. Anders als bei dem auf die Datenverarbeitung zu werblichen Zwecken gerichteten speziellen Widerspruchsrecht (vergleiche oben 3.3.3), sind wir nach der DSGVO zur Umsetzung eines solchen allgemeinen Widerspruchs nur verpflichtet, wenn Sie uns hierf\u00fcr Gr\u00fcnde von \u00fcbergeordneter Bedeutung nennen (z.B. eine m\u00f6gliche Gefahr f\u00fcr Leben oder Gesundheit). Dar\u00fcber hinaus besteht die M\u00f6glichkeit, sich an die f\u00fcr pro agro zust\u00e4ndige Aufsichtsbeh\u00f6rde, die Landesbeauftragte f\u00fcr den Datenschutz und f\u00fcr das Recht auf Akteneinsicht Brandenburg, zu wenden.<\/p>\n<p><strong>Stand<\/strong>: Mai 2018<\/p>\n<p>&nbsp;<\/p>\n<p>&nbsp;<\/p>\n<\/div>\n<\/div>\n<\/div>\n<\/div>\n<div id=\"footer\">&nbsp;<\/div>\n","protected":false},"excerpt":{"rendered":"<p>&nbsp; D. &amp; U. Fugger Marktplatz 4 87757 Kirchheim in Schwaben &nbsp; oder: &nbsp; Ort Gro\u00df Fredenwalde 32a 17268 Gerswalde Kontakt: Telefon: 039887\/697730 Fax: 039887\/697731 E-Mail: willkommen@gross-fredenwalde.de Verantwortlich f\u00fcr den Inhalt nach \u00a7 55 Abs. 2 RStV: D. Fugger Ort Gro\u00df Fredenwalde 32a 17268 Gerswalde Tel: 039887\/6967730 &nbsp; Haftungsausschluss (Disclaimer) Haftung f\u00fcr Inhalte als Dienstanbieter &hellip; <\/p>\n<p class=\"link-more\"><a href=\"https:\/\/www.gross-fredenwalde.de\/?page_id=159\" class=\"more-link\"><span class=\"screen-reader-text\">\u201eImpressum\u201c<\/span> weiterlesen<\/a><\/p>\n","protected":false},"author":1,"featured_media":0,"parent":0,"menu_order":20,"comment_status":"closed","ping_status":"closed","template":"","meta":{"_mi_skip_tracking":false,"ngg_post_thumbnail":0},"acf":[],"aioseo_notices":[],"_links":{"self":[{"href":"https:\/\/www.gross-fredenwalde.de\/index.php?rest_route=\/wp\/v2\/pages\/159"}],"collection":[{"href":"https:\/\/www.gross-fredenwalde.de\/index.php?rest_route=\/wp\/v2\/pages"}],"about":[{"href":"https:\/\/www.gross-fredenwalde.de\/index.php?rest_route=\/wp\/v2\/types\/page"}],"author":[{"embeddable":true,"href":"https:\/\/www.gross-fredenwalde.de\/index.php?rest_route=\/wp\/v2\/users\/1"}],"replies":[{"embeddable":true,"href":"https:\/\/www.gross-fredenwalde.de\/index.php?rest_route=%2Fwp%2Fv2%2Fcomments&post=159"}],"version-history":[{"count":31,"href":"https:\/\/www.gross-fredenwalde.de\/index.php?rest_route=\/wp\/v2\/pages\/159\/revisions"}],"predecessor-version":[{"id":1266,"href":"https:\/\/www.gross-fredenwalde.de\/index.php?rest_route=\/wp\/v2\/pages\/159\/revisions\/1266"}],"wp:attachment":[{"href":"https:\/\/www.gross-fredenwalde.de\/index.php?rest_route=%2Fwp%2Fv2%2Fmedia&parent=159"}],"curies":[{"name":"wp","href":"https:\/\/api.w.org\/{rel}","templated":true}]}}