{"id":172,"date":"2017-07-12T14:37:07","date_gmt":"2017-07-12T14:37:07","guid":{"rendered":"http:\/\/test.steinzeit-ucki.de\/?page_id=172"},"modified":"2017-09-01T19:49:25","modified_gmt":"2017-09-01T19:49:25","slug":"wandertip","status":"publish","type":"page","link":"https:\/\/www.gross-fredenwalde.de\/?page_id=172","title":{"rendered":"Wandern &#038; Staunen"},"content":{"rendered":"<p class=\"tiny_p\"><strong><img decoding=\"async\" loading=\"lazy\" title=\"Winterlandschaft Gro\u00df Fredenwalde\" src=\"http:\/\/fotos.verwaltungsportal.de\/seitengenerator\/42224002.jpg\" alt=\"Winterlandschaft Gro\u00df Fredenwalde\" width=\"202\" height=\"151\"><\/strong><\/p>\n<p class=\"tiny_p\"><strong>Wanderung um den Weinberg und Arnimswalde<\/strong>: Gro\u00df Fredenwalde &#8211; Willmine &#8211; Sabinensee &#8211; Arnimswalde &#8211; B\u00f6ckenberg &#8211; Klein Fredenwalde &#8211; Gro\u00df Fredenwalde (12km)<br \/>\nAusgangs-\/ Endpunkt: ehemalige Dorfgastst\u00e4tte in Gro\u00df Fredenwalde (Hausnr. 43)<br \/>\nWegverlauf: an der ehemaligen Dorfgastst\u00e4tte von Gro\u00df Fredenwalde dem Pflasterweg Richtung Weinberg folgen (Wegmarkierung gelber Strich), nach ca. 500 m rechts vom Weg Aufstieg zum Weinberg , zur\u00fcck zum Weg und dem Sandweg ca. 2,5 km bis zur Asphaltstra\u00dfe folgen,&nbsp; auf der Asphaltstra\u00dfe nach rechts abbiegen und durch den Ort Willmine wandern (gelber Strich),&nbsp; am Ortsausgang Willmine nach links auf dem Pflasterweg Richtung Arnimswalde abiegen (gelber Strich), nach ca. 500 m links vom Weg auf schmalen Pfad den Spitzberg besteigen, nach Abstieg auf dem Pflasterweg weiter bis nach Arnimswalde, in Arnimswalde Weg mit gelber Strich-Markierung verlassen und zwischen den beiden Feldsteinh\u00e4usern in den Weg nach rechts abbiegen, nach ca. 400 m st\u00f6\u00dft man auf einen Sandweg, dort Weg nach rechts einschlagen und bis nach B\u00f6kenberg gehen, in B\u00f6kenberg nach rechts abbiegen und entlang der Asphaltstra\u00dfe bis nach Klein Friedenwalde, auf der Pflasterstra\u00dfe bis zu Asphaltstra\u00dfe gehen, dort links abbiegen nach Gro\u00df Fredenwalde.<\/p>\n<p class=\"tiny_p\">Quelle: Flyer Gro\u00df Fredenwalde Biosph\u00e4renreservat Schorfheide Chorin 2000<\/p>\n<p><strong>Der <span style=\"color: #000000;\">&#8222;<a href=\"http:\/\/de.wikipedia.org\/wiki\/Wallpfad\" target=\"_blank\" rel=\"noopener\">Wallpfad<\/a>&#8222;<\/span> geht mitten durch Gro\u00df-Fredenwalde.<\/strong> &nbsp;Es ist ein touristisches Projekt, welches im Jahre 2005 in der Uckermark umgesetzt wurde. Der ca. 70 Kilometer lange Wallpfad kann zu Fu\u00df oder mit dem Fahrrad bereist werden, f\u00fchrt an zahlreichen historischen St\u00e4tten der Uckermark vorbei und streift dabei unterschiedliche Kulturepochen.<br \/>\nDer Wallpfad f\u00fchrt durch die Uckerseeregion (Oberuckersee und Unteruckersee), vorbei an slawischen Burgw\u00e4llen. Die Wegstrecke f\u00fchrt von Warnitz (Kirche, 1738 gebaut) \u00fcber den Zimmerberg (Steinkiste), weiter nach Blankenburg (Wallberg einer ehemaligen Slawenburg), Seehausen (Ehemaliger Klosterstandort), Potzlow (Marktplatz, Rolandfigur und Kirche), Strehlow (Kirchenruine, Findling), R\u00f6persdorf (Kirche), Sternhagen (Kirche), den <em class=\"moz-txt-slash\">\/F\u00fcnf-Seen-Blick\/<\/em> (Phallusstein), Fergitz (Burgwallinsel, D\u00e4monensteine in Kirche, ehemalige Wasserm\u00fchle),&nbsp; entweder \u00fcber Kaakstedt, Gerswalde, Friedenfelde, Berkenlatten, B\u00f6ckenberg , Klein Fredenwalde, Gro\u00df-Fredenwalde nach Stegelitz&nbsp; nach Warnitz oder \u00fcber&nbsp; Flieth (Kirchenruine), Vossberg (H\u00fcgelgrab auf dem Pechberg), Suckow (Eiskeller, Erbgr\u00e4ber derer von Arnim), Stegelitz (Kirche) nach Melzow (alte Schmiede, Geb\u00e4ude 1898 gebaut und Kirche mit Orgel, 1859 von Wilhelm Lang und Ferdinand Dinse gebaut).<\/p>\n","protected":false},"excerpt":{"rendered":"<p>Wanderung um den Weinberg und Arnimswalde: Gro\u00df Fredenwalde &#8211; Willmine &#8211; Sabinensee &#8211; Arnimswalde &#8211; B\u00f6ckenberg &#8211; Klein Fredenwalde &#8211; Gro\u00df Fredenwalde (12km) Ausgangs-\/ Endpunkt: ehemalige Dorfgastst\u00e4tte in Gro\u00df Fredenwalde (Hausnr. 43) Wegverlauf: an der ehemaligen Dorfgastst\u00e4tte von Gro\u00df Fredenwalde dem Pflasterweg Richtung Weinberg folgen (Wegmarkierung gelber Strich), nach ca. 500 m rechts vom Weg &hellip; <\/p>\n<p class=\"link-more\"><a href=\"https:\/\/www.gross-fredenwalde.de\/?page_id=172\" class=\"more-link\"><span class=\"screen-reader-text\">\u201eWandern &#038; Staunen\u201c<\/span> weiterlesen<\/a><\/p>\n","protected":false},"author":1,"featured_media":0,"parent":0,"menu_order":4,"comment_status":"closed","ping_status":"closed","template":"","meta":{"_mi_skip_tracking":false,"ngg_post_thumbnail":0},"acf":[],"aioseo_notices":[],"_links":{"self":[{"href":"https:\/\/www.gross-fredenwalde.de\/index.php?rest_route=\/wp\/v2\/pages\/172"}],"collection":[{"href":"https:\/\/www.gross-fredenwalde.de\/index.php?rest_route=\/wp\/v2\/pages"}],"about":[{"href":"https:\/\/www.gross-fredenwalde.de\/index.php?rest_route=\/wp\/v2\/types\/page"}],"author":[{"embeddable":true,"href":"https:\/\/www.gross-fredenwalde.de\/index.php?rest_route=\/wp\/v2\/users\/1"}],"replies":[{"embeddable":true,"href":"https:\/\/www.gross-fredenwalde.de\/index.php?rest_route=%2Fwp%2Fv2%2Fcomments&post=172"}],"version-history":[{"count":9,"href":"https:\/\/www.gross-fredenwalde.de\/index.php?rest_route=\/wp\/v2\/pages\/172\/revisions"}],"predecessor-version":[{"id":638,"href":"https:\/\/www.gross-fredenwalde.de\/index.php?rest_route=\/wp\/v2\/pages\/172\/revisions\/638"}],"wp:attachment":[{"href":"https:\/\/www.gross-fredenwalde.de\/index.php?rest_route=%2Fwp%2Fv2%2Fmedia&parent=172"}],"curies":[{"name":"wp","href":"https:\/\/api.w.org\/{rel}","templated":true}]}}