{"id":2,"date":"2016-05-10T03:48:21","date_gmt":"2016-05-10T03:48:21","guid":{"rendered":"http:\/\/test.steinzeit-ucki.de\/?page_id=2"},"modified":"2017-08-31T12:21:03","modified_gmt":"2017-08-31T12:21:03","slug":"sample-page","status":"publish","type":"page","link":"https:\/\/www.gross-fredenwalde.de\/?page_id=2","title":{"rendered":"Gro\u00df Fredenwalde &#038; \u00dcberblick"},"content":{"rendered":"<p class=\"tiny_p\">Gro\u00df Fredenwalde liegt mitten in der Uckermark im malerischen Quellgebiet der Ucker ca. 85 km nord\u00f6stlich von Berlin. Es liegt nahe dem uckerm\u00e4rkischen Radrundweg, dem&nbsp;<a href=\"http:\/\/www.berlin-usedom-radweginfo.de\/\" target=\"_blank\" rel=\"noopener\">Fernradweg Berlin-Usedom<\/a> und der <a href=\"http:\/\/www.eiszeitstrasse.de\/indexy.php\" target=\"_blank\" rel=\"noopener\">M\u00e4rkischen Eiszeitstrasse<\/a>.<\/p>\n<p class=\"tiny_p\">Bereits um 7.000 v. Chr. gab es auf dem Weinberg eine mittelsteinzeitliche Grab- und vermutlich auch Kultst\u00e4tte. Sie gilt als der \u00e4lteste Friedhof Deutschlands. 2014 wurde dort die \u00e4lteste Baby-Bestattung in Deutschland gefunden.<\/p>\n<p class=\"tiny_p\">Die Gr\u00fcndung des Dorfes geht zur\u00fcck auf die Zeit der Slawen (Slawenburg\/Volksburg auf dem Wallberg) und des Hoch- und Sp\u00e4tmittelalters (mittelalterliche Befestigung ebenfalls auf dem Wallberg, heute keine Grundmauern mehr sichtbar). Der Name kommt vom Mittelhochdeutschen&nbsp; \u201eVredewalde,\u201c&nbsp; das vermutlich \u201efrei von Wald\u201c bedeutet. Heute geh\u00f6rt Gro\u00df Fredenwalde in den Bereich des Amtes Gerswalde im Zentrum des heutigen Landkreises Uckermark. Heute&nbsp; leben&nbsp;131 Einwohner in Gro\u00df&nbsp;Fredenwalde.<\/p>\n<p class=\"tiny_p\"><strong><a title=\"Tourismus Uckermark\" href=\"http:\/\/www.tourismus-uckermark.de\/de\/\" target=\"_blank\" rel=\"noopener\">Die Uckermark<\/a><\/strong> mit ihrer malerischen Landschaft begeistert jeden Besucher.<br \/>\nSanfte H\u00fcgel und die 400 Seen laden den Reisenden zum Verweilen ein.D\u00f6rfer und St\u00e4dte sind eingebettet von W\u00e4ldern, Wiesen, Feldern und Wasser.<\/p>\n<p class=\"tiny_p\">\u00dcber 200 Herrenh\u00e4user und 160 Kirchen bieten ein vielseitiges Bild von Geschichte, Gegenwart und Zukunft.<\/p>\n<p class=\"tiny_p\">Drei nationale Naturlandschaften liegen in der Uckermark: der <a title=\"Unteres Odertal\" href=\"http:\/\/www.nationalpark-unteres-odertal.eu\/\" target=\"_blank\" rel=\"noopener\">Nationalpark Unteres Odertal<\/a>, das <a title=\"Biosph\u00e4renreservat Schorfheide-Chorin\" href=\"http:\/\/www.schorfheide-chorin.de\/\">Biosph\u00e4renreservat Schorheide-Chorin<\/a>. sowie der <a title=\"Naturpark Uckerm\u00e4rkische Seen\" href=\"http:\/\/www.uckermaerkische-seen-naturpark.de\/\" target=\"_blank\" rel=\"noopener\">Naturpark Uckerm\u00e4rkische Seen.&nbsp;<\/a>Die Uckermark bietet beste M\u00f6glichkeiten, um sich zu erholen und zu entspannen und auch aktiv in der Natur zu sein: zu Fu\u00df, im Wasser, zu Pferd, Esel oder mit dem Fahrrad. Mitten in Europa &#8211; zwischen Berlin und Stettin.<\/p>\n<p class=\"tiny_p\">Die <a href=\"http:\/\/www.uckermark.de\" target=\"_blank\" rel=\"noopener\">Uckermark<\/a> ist einer der fl\u00e4chenm\u00e4\u00dfig gr\u00f6\u00dften Landkreise der Bundesrepublik mit heute 142.000 Einwohnern.<\/p>\n<h3 class=\"tiny_p\">&nbsp;<\/h3>\n<p class=\"tiny_p\">Koordniaten von Gro\u00df Fredenwalde: N 53\u00b0 07.719 E 013\u00b0 47.827<\/p>\n","protected":false},"excerpt":{"rendered":"<p>Gro\u00df Fredenwalde liegt mitten in der Uckermark im malerischen Quellgebiet der Ucker ca. 85 km nord\u00f6stlich von Berlin. Es liegt nahe dem uckerm\u00e4rkischen Radrundweg, dem&nbsp;Fernradweg Berlin-Usedom und der M\u00e4rkischen Eiszeitstrasse. Bereits um 7.000 v. Chr. gab es auf dem Weinberg eine mittelsteinzeitliche Grab- und vermutlich auch Kultst\u00e4tte. Sie gilt als der \u00e4lteste Friedhof Deutschlands. 2014 &hellip; <\/p>\n<p class=\"link-more\"><a href=\"https:\/\/www.gross-fredenwalde.de\/?page_id=2\" class=\"more-link\"><span class=\"screen-reader-text\">\u201eGro\u00df Fredenwalde &#038; \u00dcberblick\u201c<\/span> weiterlesen<\/a><\/p>\n","protected":false},"author":1,"featured_media":0,"parent":0,"menu_order":0,"comment_status":"closed","ping_status":"closed","template":"","meta":{"_mi_skip_tracking":false,"ngg_post_thumbnail":0},"acf":[],"aioseo_notices":[],"_links":{"self":[{"href":"https:\/\/www.gross-fredenwalde.de\/index.php?rest_route=\/wp\/v2\/pages\/2"}],"collection":[{"href":"https:\/\/www.gross-fredenwalde.de\/index.php?rest_route=\/wp\/v2\/pages"}],"about":[{"href":"https:\/\/www.gross-fredenwalde.de\/index.php?rest_route=\/wp\/v2\/types\/page"}],"author":[{"embeddable":true,"href":"https:\/\/www.gross-fredenwalde.de\/index.php?rest_route=\/wp\/v2\/users\/1"}],"replies":[{"embeddable":true,"href":"https:\/\/www.gross-fredenwalde.de\/index.php?rest_route=%2Fwp%2Fv2%2Fcomments&post=2"}],"version-history":[{"count":10,"href":"https:\/\/www.gross-fredenwalde.de\/index.php?rest_route=\/wp\/v2\/pages\/2\/revisions"}],"predecessor-version":[{"id":610,"href":"https:\/\/www.gross-fredenwalde.de\/index.php?rest_route=\/wp\/v2\/pages\/2\/revisions\/610"}],"wp:attachment":[{"href":"https:\/\/www.gross-fredenwalde.de\/index.php?rest_route=%2Fwp%2Fv2%2Fmedia&parent=2"}],"curies":[{"name":"wp","href":"https:\/\/api.w.org\/{rel}","templated":true}]}}