{"id":434,"date":"2017-07-20T22:40:53","date_gmt":"2017-07-20T22:40:53","guid":{"rendered":"http:\/\/test.steinzeit-ucki.de\/?page_id=434"},"modified":"2018-07-20T08:30:07","modified_gmt":"2018-07-20T08:30:07","slug":"das-herrenhaus","status":"publish","type":"page","link":"https:\/\/www.gross-fredenwalde.de\/?page_id=434","title":{"rendered":"Das Herrenhaus"},"content":{"rendered":"<p><img decoding=\"async\" loading=\"lazy\" class=\"size-medium wp-image-324 alignleft\" src=\"http:\/\/www.gross-fredenwalde.de\/wp-content\/uploads\/2017\/07\/Duncker-300x225.jpg\" alt=\"\" width=\"300\" height=\"225\" srcset=\"https:\/\/www.gross-fredenwalde.de\/wp-content\/uploads\/2017\/07\/Duncker-300x225.jpg 300w, https:\/\/www.gross-fredenwalde.de\/wp-content\/uploads\/2017\/07\/Duncker-768x576.jpg 768w, https:\/\/www.gross-fredenwalde.de\/wp-content\/uploads\/2017\/07\/Duncker-1024x768.jpg 1024w\" sizes=\"(max-width: 300px) 100vw, 300px\" \/>Seit 1473 wurde das Gut von verschiedenen Linien derer von Arnim bewirtschaftet. Das Herrenhaus wurde 1731 erbaut. Neben dem Gut siedelten sich im Laufe der Zeit verschiedene Handwerker an. Schmiede, B\u00e4ckerei, Fleischerei, Fischerei und mehrere kleine Wirtschaften wurden betrieben.<\/p>\n<p class=\"tiny_p\">Das Herrenhaus selbst&nbsp; ist ein gutproportionierter zweigeschossiger Bau mit&nbsp; Mansarddach. Es wurde um 1860 in die Beschreibung der Schl\u00f6sser und Gutsh\u00e4user in Preu\u00dfen von <a href=\"http:\/\/www.zlb.de\/digitalesammlungen\/SammlungDuncker\/08\/472%20Fredenwalde.pdf#original\" target=\"_blank\" rel=\"noopener\">Alexander Duncker<\/a> aufgenommen. Der Mittelrisalit mit den drei Achsen wird du rch eine halbe Steinl\u00e4nge nach vorne besonders hervorgehoben. Die Hauskanten sind in Putz ausgef\u00fchrte Pilaster. Im Fr\u00fchjahr 2015 wurde das Gutshaus aus dem Familienbesitz derer von Arnim, unterbrochen durch die Enteignung nach 1945, verkauft.<\/p>\n<p class=\"tiny_p\">Hinter dem Gutshaus befindet sich ein im englischen Landschaftstil in der Nachfolge von Lenn\u00e9 angelehnter Park mit Teich. Dieser kann nicht besichtigt werden.<\/p>\n","protected":false},"excerpt":{"rendered":"<p>Seit 1473 wurde das Gut von verschiedenen Linien derer von Arnim bewirtschaftet. Das Herrenhaus wurde 1731 erbaut. Neben dem Gut siedelten sich im Laufe der Zeit verschiedene Handwerker an. Schmiede, B\u00e4ckerei, Fleischerei, Fischerei und mehrere kleine Wirtschaften wurden betrieben. Das Herrenhaus selbst&nbsp; ist ein gutproportionierter zweigeschossiger Bau mit&nbsp; Mansarddach. Es wurde um 1860 in die &hellip; <\/p>\n<p class=\"link-more\"><a href=\"https:\/\/www.gross-fredenwalde.de\/?page_id=434\" class=\"more-link\"><span class=\"screen-reader-text\">\u201eDas Herrenhaus\u201c<\/span> weiterlesen<\/a><\/p>\n","protected":false},"author":1,"featured_media":0,"parent":0,"menu_order":0,"comment_status":"closed","ping_status":"closed","template":"","meta":{"_mi_skip_tracking":false,"ngg_post_thumbnail":0},"acf":[],"aioseo_notices":[],"_links":{"self":[{"href":"https:\/\/www.gross-fredenwalde.de\/index.php?rest_route=\/wp\/v2\/pages\/434"}],"collection":[{"href":"https:\/\/www.gross-fredenwalde.de\/index.php?rest_route=\/wp\/v2\/pages"}],"about":[{"href":"https:\/\/www.gross-fredenwalde.de\/index.php?rest_route=\/wp\/v2\/types\/page"}],"author":[{"embeddable":true,"href":"https:\/\/www.gross-fredenwalde.de\/index.php?rest_route=\/wp\/v2\/users\/1"}],"replies":[{"embeddable":true,"href":"https:\/\/www.gross-fredenwalde.de\/index.php?rest_route=%2Fwp%2Fv2%2Fcomments&post=434"}],"version-history":[{"count":11,"href":"https:\/\/www.gross-fredenwalde.de\/index.php?rest_route=\/wp\/v2\/pages\/434\/revisions"}],"predecessor-version":[{"id":867,"href":"https:\/\/www.gross-fredenwalde.de\/index.php?rest_route=\/wp\/v2\/pages\/434\/revisions\/867"}],"wp:attachment":[{"href":"https:\/\/www.gross-fredenwalde.de\/index.php?rest_route=%2Fwp%2Fv2%2Fmedia&parent=434"}],"curies":[{"name":"wp","href":"https:\/\/api.w.org\/{rel}","templated":true}]}}