{"id":472,"date":"2017-07-21T09:17:30","date_gmt":"2017-07-21T09:17:30","guid":{"rendered":"http:\/\/test.steinzeit-ucki.de\/?page_id=472"},"modified":"2017-07-21T09:22:16","modified_gmt":"2017-07-21T09:22:16","slug":"der-taufengel","status":"publish","type":"page","link":"https:\/\/www.gross-fredenwalde.de\/?page_id=472","title":{"rendered":"Der Taufengel"},"content":{"rendered":"<p class=\"tiny_p\">Bestandteil der brocken Kircheneinrichtung war, wie in vielen Kirchen der Uckermark und Brandenburgs ein Taufengel. Vermutlich entstand er in der gleichen Zeit wie Altar, Gest\u00fchl und Orgel um 1708. H\u00f6chstwahrscheinlich war er wie viele seiner Kollegen urspr\u00fcnglich farbig gefa\u00dft. Nachdem er Jahrhunderte seinen Dienst mit dem Halten der Taufschale bei Tauffeiern geleistet hatte, wurde er nach dem Krieg unsaftt aus seiner Befestigung geholt und vor der Kirche\u00a0in ein Geb\u00fcsch geworfen. Vermutlich lag er danach jahrelang im Freien und war Wind und Wetter ausgesetzt. Diese Behandlung setzte ihm sehr zu. Er verlor einen Teil seiner Fl\u00fcgel und seinen rechten Arm.\u00a0 Au\u00dferdem brach der Rumpf\u00a0 in drei Teile. In den sechziger Jahren des 20. Jahrhunderts kam er in das Museum von Templin.<\/p>\n<table style=\"height: 39px;\" border=\"0\" width=\"579\">\n<tbody>\n<tr>\n<td><\/td>\n<td><\/td>\n<\/tr>\n<\/tbody>\n<\/table>\n<table border=\"0\">\n<tbody>\n<tr>\n<td><img decoding=\"async\" loading=\"lazy\" class=\"\" title=\"Engel restauriert.JPG\" src=\"http:\/\/fotos.verwaltungsportal.de\/seitengenerator\/engel_restauriert.jpg\" alt=\"Engel restauriert.JPG\" width=\"307\" height=\"230\" \/><\/td>\n<td>\n<p class=\"tiny_p\">Anfang M\u00e4rz 2011 konnte der Engel mit neuer Hand und Taufschale seinen Platz in der Kirche einnehmen.<\/p>\n<p class=\"tiny_p\">\n<\/td>\n<\/tr>\n<\/tbody>\n<\/table>\n<table border=\"0\">\n<tbody>\n<tr>\n<td><\/td>\n<\/tr>\n<\/tbody>\n<\/table>\n","protected":false},"excerpt":{"rendered":"<p>Bestandteil der brocken Kircheneinrichtung war, wie in vielen Kirchen der Uckermark und Brandenburgs ein Taufengel. Vermutlich entstand er in der gleichen Zeit wie Altar, Gest\u00fchl und Orgel um 1708. H\u00f6chstwahrscheinlich war er wie viele seiner Kollegen urspr\u00fcnglich farbig gefa\u00dft. Nachdem er Jahrhunderte seinen Dienst mit dem Halten der Taufschale bei Tauffeiern geleistet hatte, wurde er &hellip; <\/p>\n<p class=\"link-more\"><a href=\"https:\/\/www.gross-fredenwalde.de\/?page_id=472\" class=\"more-link\"><span class=\"screen-reader-text\">\u201eDer Taufengel\u201c<\/span> weiterlesen<\/a><\/p>\n","protected":false},"author":1,"featured_media":0,"parent":0,"menu_order":0,"comment_status":"closed","ping_status":"closed","template":"","meta":{"_mi_skip_tracking":false,"ngg_post_thumbnail":0},"acf":[],"aioseo_notices":[],"_links":{"self":[{"href":"https:\/\/www.gross-fredenwalde.de\/index.php?rest_route=\/wp\/v2\/pages\/472"}],"collection":[{"href":"https:\/\/www.gross-fredenwalde.de\/index.php?rest_route=\/wp\/v2\/pages"}],"about":[{"href":"https:\/\/www.gross-fredenwalde.de\/index.php?rest_route=\/wp\/v2\/types\/page"}],"author":[{"embeddable":true,"href":"https:\/\/www.gross-fredenwalde.de\/index.php?rest_route=\/wp\/v2\/users\/1"}],"replies":[{"embeddable":true,"href":"https:\/\/www.gross-fredenwalde.de\/index.php?rest_route=%2Fwp%2Fv2%2Fcomments&post=472"}],"version-history":[{"count":3,"href":"https:\/\/www.gross-fredenwalde.de\/index.php?rest_route=\/wp\/v2\/pages\/472\/revisions"}],"predecessor-version":[{"id":477,"href":"https:\/\/www.gross-fredenwalde.de\/index.php?rest_route=\/wp\/v2\/pages\/472\/revisions\/477"}],"wp:attachment":[{"href":"https:\/\/www.gross-fredenwalde.de\/index.php?rest_route=%2Fwp%2Fv2%2Fmedia&parent=472"}],"curies":[{"name":"wp","href":"https:\/\/api.w.org\/{rel}","templated":true}]}}