{"id":652,"date":"2017-09-02T11:23:29","date_gmt":"2017-09-02T11:23:29","guid":{"rendered":"http:\/\/www.gross-fredenwalde.de\/?page_id=652"},"modified":"2017-09-10T21:19:30","modified_gmt":"2017-09-10T21:19:30","slug":"downloads","status":"publish","type":"page","link":"https:\/\/www.gross-fredenwalde.de\/?page_id=652","title":{"rendered":"Downloads"},"content":{"rendered":"<p><a href=\"http:\/\/doku.gross-fredenwalde.de\/Ucki_05092016-11-1.pdf\">Uckiflyer<\/a><\/p>\n<p><a href=\"http:\/\/doku.gross-fredenwalde.de\/Wanderkarte_Gerswalde_140652013_Vorderseite_End_kl.pdf\">Wanderkarte Gerswalde Vorderseite<\/a><\/p>\n<p><a href=\"http:\/\/doku.gross-fredenwalde.de\/Wanderkarte_Gerswalde_14062012_R\u00fcckseite_End_kl.pdf\">Wanderkarte Gerswalde R\u00fcckseite<\/a><\/p>\n<p><a href=\"http:\/\/doku.gross-fredenwalde.de\\Flyer_Gross_Fredenwalde.pdf\">Flyer Gro\u00df Fredenwalde<\/a><\/p>\n<p><a href=\"http:\/\/doku.gross-fredenwalde.de\/1_Preis_Picknickkorb_final.pdf\" target=\"_blank\" rel=\"noopener\">Flyer zum Tourismuspreis 2013, den der Uckerm\u00e4rker Picknickkorb aus Gro\u00df Fredenwalde gewonnen hat.<\/a><\/p>\n","protected":false},"excerpt":{"rendered":"<p>Uckiflyer Wanderkarte Gerswalde Vorderseite Wanderkarte Gerswalde R\u00fcckseite Flyer Gro\u00df Fredenwalde Flyer zum Tourismuspreis 2013, den der Uckerm\u00e4rker Picknickkorb aus Gro\u00df Fredenwalde gewonnen hat.<\/p>\n","protected":false},"author":1,"featured_media":0,"parent":0,"menu_order":0,"comment_status":"closed","ping_status":"closed","template":"","meta":{"_mi_skip_tracking":false,"ngg_post_thumbnail":0},"acf":[],"aioseo_notices":[],"_links":{"self":[{"href":"https:\/\/www.gross-fredenwalde.de\/index.php?rest_route=\/wp\/v2\/pages\/652"}],"collection":[{"href":"https:\/\/www.gross-fredenwalde.de\/index.php?rest_route=\/wp\/v2\/pages"}],"about":[{"href":"https:\/\/www.gross-fredenwalde.de\/index.php?rest_route=\/wp\/v2\/types\/page"}],"author":[{"embeddable":true,"href":"https:\/\/www.gross-fredenwalde.de\/index.php?rest_route=\/wp\/v2\/users\/1"}],"replies":[{"embeddable":true,"href":"https:\/\/www.gross-fredenwalde.de\/index.php?rest_route=%2Fwp%2Fv2%2Fcomments&post=652"}],"version-history":[{"count":11,"href":"https:\/\/www.gross-fredenwalde.de\/index.php?rest_route=\/wp\/v2\/pages\/652\/revisions"}],"predecessor-version":[{"id":851,"href":"https:\/\/www.gross-fredenwalde.de\/index.php?rest_route=\/wp\/v2\/pages\/652\/revisions\/851"}],"wp:attachment":[{"href":"https:\/\/www.gross-fredenwalde.de\/index.php?rest_route=%2Fwp%2Fv2%2Fmedia&parent=652"}],"curies":[{"name":"wp","href":"https:\/\/api.w.org\/{rel}","templated":true}]}}