{"id":74,"date":"2017-07-11T12:55:02","date_gmt":"2017-07-11T12:55:02","guid":{"rendered":"http:\/\/test.steinzeit-ucki.de\/?page_id=74"},"modified":"2017-08-30T11:33:16","modified_gmt":"2017-08-30T11:33:16","slug":"geocaching-in-gross-fredenwalde","status":"publish","type":"page","link":"https:\/\/www.gross-fredenwalde.de\/?page_id=74","title":{"rendered":"Geocaching in Gro\u00df Fredenwalde"},"content":{"rendered":"<h5 class=\"tiny_p\">Liebe Geocacher,<\/h5>\n<p class=\"tiny_p\">im Juni 2015 wurde der Multicache unter dem Namen: <strong>&#8222;Steinzeit, Slawen, Gutsdorf: Gro\u00df-Fredenwalde&#8220;<\/strong> in Gro\u00df Fredenwalde rundum erneuert. Euch erwartet ein spannender Cache, bei dem Ihr viel \u00fcber Gro\u00df Fredenwalde erfahrt. Auch das Knobeln und Raten kommt dabei nicht zu kurz.<\/p>\n<p class=\"tiny_p\">Viel Spa\u00df und gute Unterhaltung beim Geocaching!<\/p>\n<p class=\"tiny_p\">Beginn bei:&nbsp;<strong>N 53\u00b0 07.762&#8242; E 013\u00b0 47.620&#8242;<\/strong><\/p>\n<p class=\"tiny_p\">Den Gro\u00df Fredenwalde Multicache findet Ihr bei:<\/p>\n<p class=\"tiny_p\"><a href=\"http:\/\/www.geocaching.com\/seek\/cache_details.aspx?guid=580872b8-52e2-4bd1-82b2-380b7147995f\" target=\"_blank\" rel=\"noopener\">Geocaching.com<\/a> und <a href=\"http:\/\/www.opencaching.de\/viewcache.php?wp=OCF2A1#\" target=\"_blank\" rel=\"noopener\">Opencaching.de<\/a><\/p>\n<p class=\"tiny_p\">F\u00fcr alle, die mehr \u00fcber Geocaching erfahren m\u00f6chten, <a href=\"http:\/\/www.geocaching.com\/guide\/\" target=\"_blank\" rel=\"noopener\">bitte hier klicken<\/a>!<\/p>\n","protected":false},"excerpt":{"rendered":"<p>Liebe Geocacher, im Juni 2015 wurde der Multicache unter dem Namen: &#8222;Steinzeit, Slawen, Gutsdorf: Gro\u00df-Fredenwalde&#8220; in Gro\u00df Fredenwalde rundum erneuert. Euch erwartet ein spannender Cache, bei dem Ihr viel \u00fcber Gro\u00df Fredenwalde erfahrt. Auch das Knobeln und Raten kommt dabei nicht zu kurz. Viel Spa\u00df und gute Unterhaltung beim Geocaching! Beginn bei:&nbsp;N 53\u00b0 07.762&#8242; E &hellip; <\/p>\n<p class=\"link-more\"><a href=\"https:\/\/www.gross-fredenwalde.de\/?page_id=74\" class=\"more-link\"><span class=\"screen-reader-text\">\u201eGeocaching in Gro\u00df Fredenwalde\u201c<\/span> weiterlesen<\/a><\/p>\n","protected":false},"author":1,"featured_media":0,"parent":0,"menu_order":0,"comment_status":"closed","ping_status":"closed","template":"","meta":{"_mi_skip_tracking":false,"ngg_post_thumbnail":0},"acf":[],"aioseo_notices":[],"_links":{"self":[{"href":"https:\/\/www.gross-fredenwalde.de\/index.php?rest_route=\/wp\/v2\/pages\/74"}],"collection":[{"href":"https:\/\/www.gross-fredenwalde.de\/index.php?rest_route=\/wp\/v2\/pages"}],"about":[{"href":"https:\/\/www.gross-fredenwalde.de\/index.php?rest_route=\/wp\/v2\/types\/page"}],"author":[{"embeddable":true,"href":"https:\/\/www.gross-fredenwalde.de\/index.php?rest_route=\/wp\/v2\/users\/1"}],"replies":[{"embeddable":true,"href":"https:\/\/www.gross-fredenwalde.de\/index.php?rest_route=%2Fwp%2Fv2%2Fcomments&post=74"}],"version-history":[{"count":4,"href":"https:\/\/www.gross-fredenwalde.de\/index.php?rest_route=\/wp\/v2\/pages\/74\/revisions"}],"predecessor-version":[{"id":594,"href":"https:\/\/www.gross-fredenwalde.de\/index.php?rest_route=\/wp\/v2\/pages\/74\/revisions\/594"}],"wp:attachment":[{"href":"https:\/\/www.gross-fredenwalde.de\/index.php?rest_route=%2Fwp%2Fv2%2Fmedia&parent=74"}],"curies":[{"name":"wp","href":"https:\/\/api.w.org\/{rel}","templated":true}]}}