{"id":824,"date":"2017-09-08T17:53:42","date_gmt":"2017-09-08T17:53:42","guid":{"rendered":"http:\/\/www.gross-fredenwalde.de\/?page_id=824"},"modified":"2017-09-08T18:09:54","modified_gmt":"2017-09-08T18:09:54","slug":"serena-stelitano","status":"publish","type":"page","link":"https:\/\/www.gross-fredenwalde.de\/?page_id=824","title":{"rendered":"Serena Stelitano"},"content":{"rendered":"<p>Die italienische K\u00fcnstlerin <a href=\"https:\/\/www.facebook.com\/serena.stelitano\" target=\"_blank\" rel=\"noopener\">Serena Stelitano<\/a> hat sich mit Uckis Steinzeit aueinandergesetzt. Es folgen einige Beispiele und Entw\u00fcrfe. Ucki dankt der K\u00fcnstlerin f\u00fcr die Erlaubnis die Bilder auf seiner Homepage ver\u00f6ffentlichen zu d\u00fcrfen.<\/p>\n<p>Mille Grazie!<\/p>\n<!-- index.php -->\n<div\n\tclass=\"ngg-galleryoverview ngg-ajax-pagination-none\"\n\tid=\"ngg-gallery-c4fe98d4259dcb7d23d4560ca449cf4f-1\">\n\n    \t<div class=\"slideshowlink\">\n        <a href='https:\/\/www.gross-fredenwalde.de\/index.php\/nggallery\/slideshow?page_id=824'>[Zeige eine Slideshow]<\/a>\n\t\t\n\t<\/div>\n\t\t\t<!-- Thumbnails -->\n\t\t\t\t<div id=\"ngg-image-0\" class=\"ngg-gallery-thumbnail-box\" >\n\t\t\t\t        <div class=\"ngg-gallery-thumbnail\">\n            <a href=\"https:\/\/www.gross-fredenwalde.de\/wp-content\/gallery\/serena-stelitano\/ursurs_spalea.jpg\"\n               title=\"\"\n               data-src=\"https:\/\/www.gross-fredenwalde.de\/wp-content\/gallery\/serena-stelitano\/ursurs_spalea.jpg\"\n               data-thumbnail=\"https:\/\/www.gross-fredenwalde.de\/wp-content\/gallery\/serena-stelitano\/thumbs\/thumbs_ursurs_spalea.jpg\"\n               data-image-id=\"21\"\n               data-title=\"ursurs_spalea\"\n               data-description=\"\"\n               data-image-slug=\"ursurs_spalea\"\n               class=\"ngg-fancybox\" rel=\"c4fe98d4259dcb7d23d4560ca449cf4f\">\n                <img\n                    title=\"ursurs_spalea\"\n                    alt=\"ursurs_spalea\"\n                    src=\"https:\/\/www.gross-fredenwalde.de\/wp-content\/gallery\/serena-stelitano\/thumbs\/thumbs_ursurs_spalea.jpg\"\n                    width=\"240\"\n                    height=\"160\"\n                    style=\"max-width:100%;\"\n                \/>\n            <\/a>\n        <\/div>\n\t\t\t\t\t\t\t<\/div> \n\t\t\t\n        \n\t\t\t\t<div id=\"ngg-image-1\" class=\"ngg-gallery-thumbnail-box\" >\n\t\t\t\t        <div class=\"ngg-gallery-thumbnail\">\n            <a href=\"https:\/\/www.gross-fredenwalde.de\/wp-content\/gallery\/serena-stelitano\/Ucki_Felines_Sketches_Rawr.jpg\"\n               title=\"\"\n               data-src=\"https:\/\/www.gross-fredenwalde.de\/wp-content\/gallery\/serena-stelitano\/Ucki_Felines_Sketches_Rawr.jpg\"\n               data-thumbnail=\"https:\/\/www.gross-fredenwalde.de\/wp-content\/gallery\/serena-stelitano\/thumbs\/thumbs_Ucki_Felines_Sketches_Rawr.jpg\"\n               data-image-id=\"22\"\n               data-title=\"Ucki_Felines_Sketches_Rawr\"\n               data-description=\"\"\n               data-image-slug=\"ucki_felines_sketches_rawr\"\n               class=\"ngg-fancybox\" rel=\"c4fe98d4259dcb7d23d4560ca449cf4f\">\n                <img\n                    title=\"Ucki_Felines_Sketches_Rawr\"\n                    alt=\"Ucki_Felines_Sketches_Rawr\"\n                    src=\"https:\/\/www.gross-fredenwalde.de\/wp-content\/gallery\/serena-stelitano\/thumbs\/thumbs_Ucki_Felines_Sketches_Rawr.jpg\"\n                    width=\"240\"\n                    height=\"160\"\n                    style=\"max-width:100%;\"\n                \/>\n            <\/a>\n        <\/div>\n\t\t\t\t\t\t\t<\/div> \n\t\t\t\n        \n\t\t\t\t<div id=\"ngg-image-2\" class=\"ngg-gallery-thumbnail-box\" >\n\t\t\t\t        <div class=\"ngg-gallery-thumbnail\">\n            <a href=\"https:\/\/www.gross-fredenwalde.de\/wp-content\/gallery\/serena-stelitano\/Ucki_Felines_Sketches.jpg\"\n               title=\"\"\n               data-src=\"https:\/\/www.gross-fredenwalde.de\/wp-content\/gallery\/serena-stelitano\/Ucki_Felines_Sketches.jpg\"\n               data-thumbnail=\"https:\/\/www.gross-fredenwalde.de\/wp-content\/gallery\/serena-stelitano\/thumbs\/thumbs_Ucki_Felines_Sketches.jpg\"\n               data-image-id=\"23\"\n               data-title=\"Ucki_Felines_Sketches\"\n               data-description=\"\"\n               data-image-slug=\"ucki_felines_sketches\"\n               class=\"ngg-fancybox\" rel=\"c4fe98d4259dcb7d23d4560ca449cf4f\">\n                <img\n                    title=\"Ucki_Felines_Sketches\"\n                    alt=\"Ucki_Felines_Sketches\"\n                    src=\"https:\/\/www.gross-fredenwalde.de\/wp-content\/gallery\/serena-stelitano\/thumbs\/thumbs_Ucki_Felines_Sketches.jpg\"\n                    width=\"240\"\n                    height=\"160\"\n                    style=\"max-width:100%;\"\n                \/>\n            <\/a>\n        <\/div>\n\t\t\t\t\t\t\t<\/div> \n\t\t\t\n        \n\t\t\t\t<div id=\"ngg-image-3\" class=\"ngg-gallery-thumbnail-box\" >\n\t\t\t\t        <div class=\"ngg-gallery-thumbnail\">\n            <a href=\"https:\/\/www.gross-fredenwalde.de\/wp-content\/gallery\/serena-stelitano\/Ucki_Felines_Sketches_Female_Cub.jpg\"\n               title=\"\"\n               data-src=\"https:\/\/www.gross-fredenwalde.de\/wp-content\/gallery\/serena-stelitano\/Ucki_Felines_Sketches_Female_Cub.jpg\"\n               data-thumbnail=\"https:\/\/www.gross-fredenwalde.de\/wp-content\/gallery\/serena-stelitano\/thumbs\/thumbs_Ucki_Felines_Sketches_Female_Cub.jpg\"\n               data-image-id=\"24\"\n               data-title=\"Ucki_Felines_Sketches_Female_Cub\"\n               data-description=\"\"\n               data-image-slug=\"ucki_felines_sketches_female_cub\"\n               class=\"ngg-fancybox\" rel=\"c4fe98d4259dcb7d23d4560ca449cf4f\">\n                <img\n                    title=\"Ucki_Felines_Sketches_Female_Cub\"\n                    alt=\"Ucki_Felines_Sketches_Female_Cub\"\n                    src=\"https:\/\/www.gross-fredenwalde.de\/wp-content\/gallery\/serena-stelitano\/thumbs\/thumbs_Ucki_Felines_Sketches_Female_Cub.jpg\"\n                    width=\"240\"\n                    height=\"160\"\n                    style=\"max-width:100%;\"\n                \/>\n            <\/a>\n        <\/div>\n\t\t\t\t\t\t\t<\/div> \n\t\t\t\n        \n\t\t\t\t<div id=\"ngg-image-4\" class=\"ngg-gallery-thumbnail-box\" >\n\t\t\t\t        <div class=\"ngg-gallery-thumbnail\">\n            <a href=\"https:\/\/www.gross-fredenwalde.de\/wp-content\/gallery\/serena-stelitano\/Smilodon.jpg\"\n               title=\"\"\n               data-src=\"https:\/\/www.gross-fredenwalde.de\/wp-content\/gallery\/serena-stelitano\/Smilodon.jpg\"\n               data-thumbnail=\"https:\/\/www.gross-fredenwalde.de\/wp-content\/gallery\/serena-stelitano\/thumbs\/thumbs_Smilodon.jpg\"\n               data-image-id=\"25\"\n               data-title=\"Smilodon\"\n               data-description=\"\"\n               data-image-slug=\"smilodon\"\n               class=\"ngg-fancybox\" rel=\"c4fe98d4259dcb7d23d4560ca449cf4f\">\n                <img\n                    title=\"Smilodon\"\n                    alt=\"Smilodon\"\n                    src=\"https:\/\/www.gross-fredenwalde.de\/wp-content\/gallery\/serena-stelitano\/thumbs\/thumbs_Smilodon.jpg\"\n                    width=\"240\"\n                    height=\"160\"\n                    style=\"max-width:100%;\"\n                \/>\n            <\/a>\n        <\/div>\n\t\t\t\t\t\t\t<\/div> \n\t\t\t\n        \n\t\t\t\t<div id=\"ngg-image-5\" class=\"ngg-gallery-thumbnail-box\" >\n\t\t\t\t        <div class=\"ngg-gallery-thumbnail\">\n            <a href=\"https:\/\/www.gross-fredenwalde.de\/wp-content\/gallery\/serena-stelitano\/Rhino_Pose.jpg\"\n               title=\"\"\n               data-src=\"https:\/\/www.gross-fredenwalde.de\/wp-content\/gallery\/serena-stelitano\/Rhino_Pose.jpg\"\n               data-thumbnail=\"https:\/\/www.gross-fredenwalde.de\/wp-content\/gallery\/serena-stelitano\/thumbs\/thumbs_Rhino_Pose.jpg\"\n               data-image-id=\"26\"\n               data-title=\"Rhino_Pose\"\n               data-description=\"\"\n               data-image-slug=\"rhino_pose\"\n               class=\"ngg-fancybox\" rel=\"c4fe98d4259dcb7d23d4560ca449cf4f\">\n                <img\n                    title=\"Rhino_Pose\"\n                    alt=\"Rhino_Pose\"\n                    src=\"https:\/\/www.gross-fredenwalde.de\/wp-content\/gallery\/serena-stelitano\/thumbs\/thumbs_Rhino_Pose.jpg\"\n                    width=\"240\"\n                    height=\"160\"\n                    style=\"max-width:100%;\"\n                \/>\n            <\/a>\n        <\/div>\n\t\t\t\t\t\t\t<\/div> \n\t\t\t\n        \n\t\t\t\t<div id=\"ngg-image-6\" class=\"ngg-gallery-thumbnail-box\" >\n\t\t\t\t        <div class=\"ngg-gallery-thumbnail\">\n            <a href=\"https:\/\/www.gross-fredenwalde.de\/wp-content\/gallery\/serena-stelitano\/PaleoMammals.jpg\"\n               title=\"\"\n               data-src=\"https:\/\/www.gross-fredenwalde.de\/wp-content\/gallery\/serena-stelitano\/PaleoMammals.jpg\"\n               data-thumbnail=\"https:\/\/www.gross-fredenwalde.de\/wp-content\/gallery\/serena-stelitano\/thumbs\/thumbs_PaleoMammals.jpg\"\n               data-image-id=\"27\"\n               data-title=\"PaleoMammals\"\n               data-description=\"\"\n               data-image-slug=\"paleomammals\"\n               class=\"ngg-fancybox\" rel=\"c4fe98d4259dcb7d23d4560ca449cf4f\">\n                <img\n                    title=\"PaleoMammals\"\n                    alt=\"PaleoMammals\"\n                    src=\"https:\/\/www.gross-fredenwalde.de\/wp-content\/gallery\/serena-stelitano\/thumbs\/thumbs_PaleoMammals.jpg\"\n                    width=\"240\"\n                    height=\"160\"\n                    style=\"max-width:100%;\"\n                \/>\n            <\/a>\n        <\/div>\n\t\t\t\t\t\t\t<\/div> \n\t\t\t\n        \n\t\t\n\t\t<!-- Pagination -->\n\t<div class='ngg-clear'><\/div>\t<\/div>\n\n","protected":false},"excerpt":{"rendered":"<p>Die italienische K\u00fcnstlerin Serena Stelitano hat sich mit Uckis Steinzeit aueinandergesetzt. Es folgen einige Beispiele und Entw\u00fcrfe. Ucki dankt der K\u00fcnstlerin f\u00fcr die Erlaubnis die Bilder auf seiner Homepage ver\u00f6ffentlichen zu d\u00fcrfen. Mille Grazie!<\/p>\n","protected":false},"author":1,"featured_media":0,"parent":0,"menu_order":0,"comment_status":"closed","ping_status":"closed","template":"","meta":{"_mi_skip_tracking":false,"ngg_post_thumbnail":0},"acf":[],"aioseo_notices":[],"_links":{"self":[{"href":"https:\/\/www.gross-fredenwalde.de\/index.php?rest_route=\/wp\/v2\/pages\/824"}],"collection":[{"href":"https:\/\/www.gross-fredenwalde.de\/index.php?rest_route=\/wp\/v2\/pages"}],"about":[{"href":"https:\/\/www.gross-fredenwalde.de\/index.php?rest_route=\/wp\/v2\/types\/page"}],"author":[{"embeddable":true,"href":"https:\/\/www.gross-fredenwalde.de\/index.php?rest_route=\/wp\/v2\/users\/1"}],"replies":[{"embeddable":true,"href":"https:\/\/www.gross-fredenwalde.de\/index.php?rest_route=%2Fwp%2Fv2%2Fcomments&post=824"}],"version-history":[{"count":4,"href":"https:\/\/www.gross-fredenwalde.de\/index.php?rest_route=\/wp\/v2\/pages\/824\/revisions"}],"predecessor-version":[{"id":828,"href":"https:\/\/www.gross-fredenwalde.de\/index.php?rest_route=\/wp\/v2\/pages\/824\/revisions\/828"}],"wp:attachment":[{"href":"https:\/\/www.gross-fredenwalde.de\/index.php?rest_route=%2Fwp%2Fv2%2Fmedia&parent=824"}],"curies":[{"name":"wp","href":"https:\/\/api.w.org\/{rel}","templated":true}]}}